{"id":32,"date":"2020-10-29T08:17:59","date_gmt":"2020-10-29T08:17:59","guid":{"rendered":"https:\/\/digesan.ch\/?page_id=32"},"modified":"2022-01-04T14:46:47","modified_gmt":"2022-01-04T14:46:47","slug":"haeufige-fragen","status":"publish","type":"page","link":"https:\/\/digesan.ch\/fr\/haeufige-fragen\/","title":{"rendered":"Questions fr\u00e9quentes"},"content":{"rendered":"<section class=\"l-section wpb_row height_medium\"><div class=\"l-section-h i-cf\"><div class=\"g-cols vc_row via_flex valign_top type_default\"><div class=\"vc_col-sm-12 wpb_column vc_column_container\"><div class=\"vc_column-inner\"><div class=\"wpb_wrapper\"><div class=\"w-tabs style_default switch_click accordion has_scrolling remove_indents\" style=\"--sections-title-size:inherit\"><div class=\"w-tabs-sections titles-align_none icon_plus cpos_left\"><div class=\"w-tabs-section\" id=\"1603962302513-7177b163-a88f\" itemscope itemprop=\"mainEntity\" itemtype=\"https:\/\/schema.org\/Question\"><button aria-controls=\"content-1603962302513-7177b163-a88f\" class=\"w-tabs-section-header\"><div class=\"w-tabs-section-title\" itemprop=\"name\">Digesan\u00ae Fibre : dosage et utilisation<\/div><div class=\"w-tabs-section-control\"><\/div><\/button><div  class=\"w-tabs-section-content\" id=\"content-1603962302513-7177b163-a88f\" aria-expanded=\"false\" itemscope itemprop=\"acceptedAnswer\" itemtype=\"https:\/\/schema.org\/Answer\"><div class=\"w-tabs-section-content-h i-cf\" itemprop=\"text\"><div class=\"wpb_text_column\"><div class=\"wpb_wrapper\"><p>Digesan<sup>\u00ae<\/sup>Fibre se m\u00e9lange aux plats chauds ou froids et se pr\u00eate pour les aliments liquides ou semi-solides. Ne pas m\u00e9langer aux boissons gazeuses.<\/p>\n<p>Similaire \u00e0 toutes les fibres alimentaires, la fermentation de Digesan\u00ae<sup>\u00ae<\/sup>Fibre produit des gaz. Afin d\u2019\u00e9viter les ballonnements ou flatulences, l\u2019augmentation progressive du dosage est conseill\u00e9. En g\u00e9n\u00e9ral, 2 \u00e0 3 mesurettes par jour produisent les meilleurs r\u00e9sultats.<\/p>\n<\/div><\/div><div class=\"w-image align_center\"><div class=\"w-image-h\"><img width=\"1024\" height=\"628\" src=\"https:\/\/digesan.ch\/wp-content\/uploads\/2020\/11\/Dosierung-Anwendung-Digesan-Fibre-2-1024x628.png\" class=\"attachment-large size-large\" alt=\"\" srcset=\"https:\/\/digesan.ch\/wp-content\/uploads\/2020\/11\/Dosierung-Anwendung-Digesan-Fibre-2-1024x628.png 1024w, https:\/\/digesan.ch\/wp-content\/uploads\/2020\/11\/Dosierung-Anwendung-Digesan-Fibre-2-300x184.png 300w, https:\/\/digesan.ch\/wp-content\/uploads\/2020\/11\/Dosierung-Anwendung-Digesan-Fibre-2-65x40.png 65w, https:\/\/digesan.ch\/wp-content\/uploads\/2020\/11\/Dosierung-Anwendung-Digesan-Fibre-2-100x61.png 100w, https:\/\/digesan.ch\/wp-content\/uploads\/2020\/11\/Dosierung-Anwendung-Digesan-Fibre-2-600x368.png 600w, https:\/\/digesan.ch\/wp-content\/uploads\/2020\/11\/Dosierung-Anwendung-Digesan-Fibre-2-250x153.png 250w, https:\/\/digesan.ch\/wp-content\/uploads\/2020\/11\/Dosierung-Anwendung-Digesan-Fibre-2-200x123.png 200w, https:\/\/digesan.ch\/wp-content\/uploads\/2020\/11\/Dosierung-Anwendung-Digesan-Fibre-2.png 1610w\" sizes=\"(max-width: 1024px) 100vw, 1024px\" \/><\/div><\/div><\/div><\/div><\/div><div class=\"w-tabs-section\" id=\"1603962620502-dba6d780-bf78\" itemscope itemprop=\"mainEntity\" itemtype=\"https:\/\/schema.org\/Question\"><button aria-controls=\"content-1603962620502-dba6d780-bf78\" class=\"w-tabs-section-header\"><div class=\"w-tabs-section-title\" itemprop=\"name\">Pourquoi Digesan\u00ae Fibre est-il efficace en cas de constipation ainsi que de diarrh\u00e9es ?<\/div><div class=\"w-tabs-section-control\"><\/div><\/button><div  class=\"w-tabs-section-content\" id=\"content-1603962620502-dba6d780-bf78\" aria-expanded=\"false\" itemscope itemprop=\"acceptedAnswer\" itemtype=\"https:\/\/schema.org\/Answer\"><div class=\"w-tabs-section-content-h i-cf\" itemprop=\"text\"><div class=\"wpb_text_column\"><div class=\"wpb_wrapper\"><p>Digesan\u00ae Fibre est compos\u00e9 de gomme de guar partiellement hydrolys\u00e9e, connu sous le nom de PHGG (partially hydrolysed guar gum, en anglais).<\/p>\n<p>Ces fibres alimentaires solubles favorisent le d\u00e9veloppement de bact\u00e9ries b\u00e9n\u00e9fiques, telles que les lactobacilles et les bifidobact\u00e9ries, et redressent l\u2019\u00e9quilibre de la flore intestinale. Digesan\u00ae Fibre redresse l'\u00e9quilibre de la flore intestinale, soutient la cicatrisation des muqueuses et promeut alors la sant\u00e9 digestive.<sup>1,13<\/sup><\/p>\n<p>En cas de constipation, Digesan<sup>\u00ae<\/sup>Fibre acc\u00e9l\u00e8re le transit \u00e0 travers le c\u00f4lon, apaise beaucoup de sympt\u00f4mes, comme la fr\u00e9quence des selles et douleurs abdominales et permet de r\u00e9duire l\u2019usage de laxatifs ou de lavements.<sup>1,7-8<\/sup>\u00a0En utilisant Digesan\u00ae Fibre, les selles deviennent plus molles et leur \u00e9vacuation plus agr\u00e9able.<sup>9<\/sup><\/p>\n<p>En cas des diarrh\u00e9e, Digesan<sup>\u00ae<\/sup>Fibre r\u00e9duit la fr\u00e9quence des selles et am\u00e9liore leur consistance, non seulement chez l'adulte mais aussi chez les enfants.<sup>1,3-6<\/sup><\/p>\n<\/div><\/div><\/div><\/div><\/div><div class=\"w-tabs-section\" id=\"1603962778881-c63d6d9d-cc0f\" itemscope itemprop=\"mainEntity\" itemtype=\"https:\/\/schema.org\/Question\"><button aria-controls=\"content-1603962778881-c63d6d9d-cc0f\" class=\"w-tabs-section-header\"><div class=\"w-tabs-section-title\" itemprop=\"name\">Est-ce que Digesan\u00ae Fibre peut \u00eatre consomm\u00e9e par les personnes touch\u00e9es par le syndrome de l'intestin irritable ?<\/div><div class=\"w-tabs-section-control\"><\/div><\/button><div  class=\"w-tabs-section-content\" id=\"content-1603962778881-c63d6d9d-cc0f\" aria-expanded=\"false\" itemscope itemprop=\"acceptedAnswer\" itemtype=\"https:\/\/schema.org\/Answer\"><div class=\"w-tabs-section-content-h i-cf\" itemprop=\"text\"><div class=\"wpb_text_column\"><div class=\"wpb_wrapper\"><p>Oui, les fibres alimentaires hydrosolubles, comme la gomme de guar partiellement hydrolys\u00e9e (PHGG), jouent un r\u00f4le important dans le traitement de ce trouble fonctionnel des intestins. La prise de la PHGG apaise les sympt\u00f4mes typiques du syndrome de l\u2019intestin irritable et, de plus, la PHGG est bien tol\u00e9r\u00e9e.<sup>10-14<\/sup><\/p>\n<\/div><\/div><\/div><\/div><\/div><div class=\"w-tabs-section\" id=\"1603962302531-1608dbc4-b3de\" itemscope itemprop=\"mainEntity\" itemtype=\"https:\/\/schema.org\/Question\"><button aria-controls=\"content-1603962302531-1608dbc4-b3de\" class=\"w-tabs-section-header\"><div class=\"w-tabs-section-title\" itemprop=\"name\">Qu'est-ce que les fibres alimentaires hydrosolubles et quels sont leurs effets ?<\/div><div class=\"w-tabs-section-control\"><\/div><\/button><div  class=\"w-tabs-section-content\" id=\"content-1603962302531-1608dbc4-b3de\" aria-expanded=\"false\" itemscope itemprop=\"acceptedAnswer\" itemtype=\"https:\/\/schema.org\/Answer\"><div class=\"w-tabs-section-content-h i-cf\" itemprop=\"text\"><div class=\"wpb_text_column\"><div class=\"wpb_wrapper\"><p>Les fibres alimentaires se trouvent dans les aliments d\u2019origine v\u00e9g\u00e9tale. On diff\u00e9rencie entre fibres solubles et non-solubles.<\/p>\n<p>Par exemple, la p\u00e9ctine ou la gomme de guar sont des fibres hydrosolubles qui jouent un r\u00f4le important dans la sant\u00e9 intestinale.<\/p>\n<p>Les fibres solubles sont ferment\u00e9es par les bacteries naturellement pr\u00e9sentes dans le c\u00f4lon. Cela donne naissance aux acides gras de courte chaine qui favorisent le d\u00e9veloppement de bact\u00e9ries b\u00e9n\u00e9fiques et soutiennent la r\u00e9g\u00e9n\u00e9ration des muqueuses.<sup>1<\/sup><\/p>\n<\/div><\/div><\/div><\/div><\/div><div class=\"w-tabs-section\" id=\"1603962713554-eea5ee4a-5de0\" itemscope itemprop=\"mainEntity\" itemtype=\"https:\/\/schema.org\/Question\"><button aria-controls=\"content-1603962713554-eea5ee4a-5de0\" class=\"w-tabs-section-header\"><div class=\"w-tabs-section-title\" itemprop=\"name\">Digesan\u00ae Fibre a-t-il des effets secondaires ?<\/div><div class=\"w-tabs-section-control\"><\/div><\/button><div  class=\"w-tabs-section-content\" id=\"content-1603962713554-eea5ee4a-5de0\" aria-expanded=\"false\" itemscope itemprop=\"acceptedAnswer\" itemtype=\"https:\/\/schema.org\/Answer\"><div class=\"w-tabs-section-content-h i-cf\" itemprop=\"text\"><div class=\"wpb_text_column\"><div class=\"wpb_wrapper\"><p>Pour Digesan<sup>\u00ae<\/sup>Fibre, aucun effet secondaire n\u2019est connu. Un dosage trop haut peut provoquer des ballonnements. Dans ce cas, la dose journali\u00e8re devrait \u00eatre r\u00e9duite. Puis, l\u2019augmentation du dosage devrait se faire progressivement sur plusieurs semaines. Digesan\u00ae Fibre n\u2019a pas d\u2019effet d\u2019accoutumance.<\/p>\n<\/div><\/div><\/div><\/div><\/div><div class=\"w-tabs-section\" id=\"1603962738727-fe948ae4-39b4\" itemscope itemprop=\"mainEntity\" itemtype=\"https:\/\/schema.org\/Question\"><button aria-controls=\"content-1603962738727-fe948ae4-39b4\" class=\"w-tabs-section-header\"><div class=\"w-tabs-section-title\" itemprop=\"name\">Digesan\u00ae Fibre \u00e0 qui convient-il ?<\/div><div class=\"w-tabs-section-control\"><\/div><\/button><div  class=\"w-tabs-section-content\" id=\"content-1603962738727-fe948ae4-39b4\" aria-expanded=\"false\" itemscope itemprop=\"acceptedAnswer\" itemtype=\"https:\/\/schema.org\/Answer\"><div class=\"w-tabs-section-content-h i-cf\" itemprop=\"text\"><div class=\"wpb_text_column\"><div class=\"wpb_wrapper\"><p>Digesan<sup>\u00ae<\/sup>Fibre convient aux enfants d\u00e8s 3 ans ainsi qu\u2019aux adultes, femmes enceintes, allaitantes et personnes \u00e2g\u00e9es y compris. Digesan<sup>\u00ae<\/sup>Fibre s\u2019utilise surtout en cas de:<\/p>\n<ul>\n<li>constipation<\/li>\n<li>diarrh\u00e9e<\/li>\n<li>ballonnements et flatulences<\/li>\n<li>en cas d'une flore intestinale endommag\u00e9e, par exemple d\u00fb \u00e0 un traitement avec des antibiotiques<\/li>\n<li>pour la r\u00e9gulation d'une activit\u00e9 intestinale normale<\/li>\n<li>pour normaliser la consistance des selles<\/li>\n<li>pour la cicatrisation des muqueuses intestinales<\/li>\n<\/ul>\n<\/div><\/div><\/div><\/div><\/div><div class=\"w-tabs-section\" id=\"1603962883135-f88120eb-37f8\" itemscope itemprop=\"mainEntity\" itemtype=\"https:\/\/schema.org\/Question\"><button aria-controls=\"content-1603962883135-f88120eb-37f8\" class=\"w-tabs-section-header\"><div class=\"w-tabs-section-title\" itemprop=\"name\">Digesan\u00ae Fibre se pr\u00eate-t-il aux personnes souffrant d'h\u00e9morro\u00efdes ?<\/div><div class=\"w-tabs-section-control\"><\/div><\/button><div  class=\"w-tabs-section-content\" id=\"content-1603962883135-f88120eb-37f8\" aria-expanded=\"false\" itemscope itemprop=\"acceptedAnswer\" itemtype=\"https:\/\/schema.org\/Answer\"><div class=\"w-tabs-section-content-h i-cf\" itemprop=\"text\"><div class=\"wpb_text_column\"><div class=\"wpb_wrapper\"><p>Oui, Digesan<sup>\u00ae<\/sup> Fibre contient de la gomme de guar partiellement hydrolys\u00e9e qui favorise le d\u00e9veloppement des bonnes bact\u00e9ries lorsqu\u2019elle est consomm\u00e9e r\u00e9guli\u00e8rement. Cela normalise la consistance des selles et rend leur \u00e9vacuation mois douloureuse.<sup>9<\/sup><\/p>\n<\/div><\/div><\/div><\/div><\/div><\/div><\/div><\/div><\/div><\/div><\/div><\/div><\/section>","protected":false},"excerpt":{"rendered":"DIGESAN\u00aeFibre Dosierung und AnwendungDigesan\u00aeFibre wird in warme oder kalte Speisen einger\u00fchrt und eignet sich f\u00fcr weiche oder fl\u00fcssige Nahrung. Nicht in kohlens\u00e4urehaltigen Getr\u00e4nken verwenden. Wie bei allen Faserstoffen entstehen bei der Fermentierung von Digesan\u00aeFibre Gase. Um Bl\u00e4hungen \/ Flatulenz zu vermeiden, wird eine schrittweise Steigerung der Dosierung empfohlen. In der Regel wird mit 2-3 Messl\u00f6ffeln...","protected":false},"author":3,"featured_media":0,"parent":0,"menu_order":0,"comment_status":"closed","ping_status":"closed","template":"","meta":[],"yoast_head":"<!-- This site is optimized with the Yoast SEO plugin v18.3 - https:\/\/yoast.com\/wordpress\/plugins\/seo\/ -->\n<title>H\u00e4ufige Fragen bei Anwendung des Digesan\u00ae Fibre bei Reizdarmsyndrom PHGG<\/title>\n<meta name=\"description\" content=\"Die Antworten zu Ihren Fragen der richtigen Anwendung und Dosierung des Digesan\u00ae Fibre bei Reizdarmsyndrom beschwerden.\" \/>\n<meta name=\"robots\" content=\"index, follow, max-snippet:-1, max-image-preview:large, max-video-preview:-1\" \/>\n<link rel=\"canonical\" href=\"https:\/\/digesan.ch\/fr\/haeufige-fragen\/\" \/>\n<meta property=\"og:locale\" content=\"fr_FR\" \/>\n<meta property=\"og:type\" content=\"article\" \/>\n<meta property=\"og:title\" content=\"H\u00e4ufige Fragen bei Anwendung des Digesan\u00ae Fibre bei Reizdarmsyndrom PHGG\" \/>\n<meta property=\"og:description\" content=\"Die Antworten zu Ihren Fragen der richtigen Anwendung und Dosierung des Digesan\u00ae Fibre bei Reizdarmsyndrom beschwerden.\" \/>\n<meta property=\"og:url\" content=\"https:\/\/digesan.ch\/fr\/haeufige-fragen\/\" \/>\n<meta property=\"og:site_name\" content=\"Digesan\u00ae Fibre\" \/>\n<meta property=\"article:modified_time\" content=\"2022-01-04T14:46:47+00:00\" \/>\n<meta name=\"twitter:card\" content=\"summary_large_image\" \/>\n<meta name=\"twitter:label1\" content=\"Dur\u00e9e de lecture estim\u00e9e\" \/>\n\t<meta name=\"twitter:data1\" content=\"3 minutes\" \/>\n<script type=\"application\/ld+json\" class=\"yoast-schema-graph\">{\"@context\":\"https:\/\/schema.org\",\"@graph\":[{\"@type\":\"Organization\",\"@id\":\"https:\/\/digesan.ch\/#organization\",\"name\":\"Digesan\u00ae Fibre\",\"url\":\"https:\/\/digesan.ch\/\",\"sameAs\":[],\"logo\":{\"@type\":\"ImageObject\",\"@id\":\"https:\/\/digesan.ch\/#logo\",\"inLanguage\":\"fr-FR\",\"url\":\"https:\/\/digesan.ch\/wp-content\/uploads\/2020\/11\/Logo_Digesan_WEB.svg\",\"contentUrl\":\"https:\/\/digesan.ch\/wp-content\/uploads\/2020\/11\/Logo_Digesan_WEB.svg\",\"caption\":\"Digesan\u00ae Fibre\"},\"image\":{\"@id\":\"https:\/\/digesan.ch\/#logo\"}},{\"@type\":\"WebSite\",\"@id\":\"https:\/\/digesan.ch\/#website\",\"url\":\"https:\/\/digesan.ch\/\",\"name\":\"Digesan\u00ae Fibre\",\"description\":\"Bei Darmbeschwerden und Reizdarmsyndrom\",\"publisher\":{\"@id\":\"https:\/\/digesan.ch\/#organization\"},\"potentialAction\":[{\"@type\":\"SearchAction\",\"target\":{\"@type\":\"EntryPoint\",\"urlTemplate\":\"https:\/\/digesan.ch\/?s={search_term_string}\"},\"query-input\":\"required name=search_term_string\"}],\"inLanguage\":\"fr-FR\"},{\"@type\":[\"WebPage\",\"QAPage\"],\"@id\":\"https:\/\/digesan.ch\/haeufige-fragen\/#webpage\",\"url\":\"https:\/\/digesan.ch\/haeufige-fragen\/\",\"name\":\"H\u00e4ufige Fragen bei Anwendung des Digesan\u00ae Fibre bei Reizdarmsyndrom PHGG\",\"isPartOf\":{\"@id\":\"https:\/\/digesan.ch\/#website\"},\"datePublished\":\"2020-10-29T08:17:59+00:00\",\"dateModified\":\"2022-01-04T14:46:47+00:00\",\"description\":\"Die Antworten zu Ihren Fragen der richtigen Anwendung und Dosierung des Digesan\u00ae Fibre bei Reizdarmsyndrom beschwerden.\",\"breadcrumb\":{\"@id\":\"https:\/\/digesan.ch\/haeufige-fragen\/#breadcrumb\"},\"inLanguage\":\"fr-FR\",\"potentialAction\":[{\"@type\":\"ReadAction\",\"target\":[\"https:\/\/digesan.ch\/haeufige-fragen\/\"]}]},{\"@type\":\"BreadcrumbList\",\"@id\":\"https:\/\/digesan.ch\/haeufige-fragen\/#breadcrumb\",\"itemListElement\":[{\"@type\":\"ListItem\",\"position\":1,\"name\":\"Startseite\",\"item\":\"https:\/\/digesan.ch\/\"},{\"@type\":\"ListItem\",\"position\":2,\"name\":\"H\u00e4ufige Fragen\"}]}]}<\/script>\n<!-- \/ Yoast SEO plugin. -->","yoast_head_json":{"title":"H\u00e4ufige Fragen bei Anwendung des Digesan\u00ae Fibre bei Reizdarmsyndrom PHGG","description":"Die Antworten zu Ihren Fragen der richtigen Anwendung und Dosierung des Digesan\u00ae Fibre bei Reizdarmsyndrom beschwerden.","robots":{"index":"index","follow":"follow","max-snippet":"max-snippet:-1","max-image-preview":"max-image-preview:large","max-video-preview":"max-video-preview:-1"},"canonical":"https:\/\/digesan.ch\/fr\/haeufige-fragen\/","og_locale":"fr_FR","og_type":"article","og_title":"H\u00e4ufige Fragen bei Anwendung des Digesan\u00ae Fibre bei Reizdarmsyndrom PHGG","og_description":"Die Antworten zu Ihren Fragen der richtigen Anwendung und Dosierung des Digesan\u00ae Fibre bei Reizdarmsyndrom beschwerden.","og_url":"https:\/\/digesan.ch\/fr\/haeufige-fragen\/","og_site_name":"Digesan\u00ae Fibre","article_modified_time":"2022-01-04T14:46:47+00:00","twitter_card":"summary_large_image","twitter_misc":{"Dur\u00e9e de lecture estim\u00e9e":"3 minutes"},"schema":{"@context":"https:\/\/schema.org","@graph":[{"@type":"Organization","@id":"https:\/\/digesan.ch\/#organization","name":"Digesan\u00ae Fibre","url":"https:\/\/digesan.ch\/","sameAs":[],"logo":{"@type":"ImageObject","@id":"https:\/\/digesan.ch\/#logo","inLanguage":"fr-FR","url":"https:\/\/digesan.ch\/wp-content\/uploads\/2020\/11\/Logo_Digesan_WEB.svg","contentUrl":"https:\/\/digesan.ch\/wp-content\/uploads\/2020\/11\/Logo_Digesan_WEB.svg","caption":"Digesan\u00ae Fibre"},"image":{"@id":"https:\/\/digesan.ch\/#logo"}},{"@type":"WebSite","@id":"https:\/\/digesan.ch\/#website","url":"https:\/\/digesan.ch\/","name":"Digesan\u00ae Fibre","description":"Bei Darmbeschwerden und Reizdarmsyndrom","publisher":{"@id":"https:\/\/digesan.ch\/#organization"},"potentialAction":[{"@type":"SearchAction","target":{"@type":"EntryPoint","urlTemplate":"https:\/\/digesan.ch\/?s={search_term_string}"},"query-input":"required name=search_term_string"}],"inLanguage":"fr-FR"},{"@type":["WebPage","QAPage"],"@id":"https:\/\/digesan.ch\/haeufige-fragen\/#webpage","url":"https:\/\/digesan.ch\/haeufige-fragen\/","name":"H\u00e4ufige Fragen bei Anwendung des Digesan\u00ae Fibre bei Reizdarmsyndrom PHGG","isPartOf":{"@id":"https:\/\/digesan.ch\/#website"},"datePublished":"2020-10-29T08:17:59+00:00","dateModified":"2022-01-04T14:46:47+00:00","description":"Die Antworten zu Ihren Fragen der richtigen Anwendung und Dosierung des Digesan\u00ae Fibre bei Reizdarmsyndrom beschwerden.","breadcrumb":{"@id":"https:\/\/digesan.ch\/haeufige-fragen\/#breadcrumb"},"inLanguage":"fr-FR","potentialAction":[{"@type":"ReadAction","target":["https:\/\/digesan.ch\/haeufige-fragen\/"]}]},{"@type":"BreadcrumbList","@id":"https:\/\/digesan.ch\/haeufige-fragen\/#breadcrumb","itemListElement":[{"@type":"ListItem","position":1,"name":"Startseite","item":"https:\/\/digesan.ch\/"},{"@type":"ListItem","position":2,"name":"H\u00e4ufige Fragen"}]}]}},"_links":{"self":[{"href":"https:\/\/digesan.ch\/fr\/wp-json\/wp\/v2\/pages\/32"}],"collection":[{"href":"https:\/\/digesan.ch\/fr\/wp-json\/wp\/v2\/pages"}],"about":[{"href":"https:\/\/digesan.ch\/fr\/wp-json\/wp\/v2\/types\/page"}],"author":[{"embeddable":true,"href":"https:\/\/digesan.ch\/fr\/wp-json\/wp\/v2\/users\/3"}],"replies":[{"embeddable":true,"href":"https:\/\/digesan.ch\/fr\/wp-json\/wp\/v2\/comments?post=32"}],"version-history":[{"count":73,"href":"https:\/\/digesan.ch\/fr\/wp-json\/wp\/v2\/pages\/32\/revisions"}],"predecessor-version":[{"id":589,"href":"https:\/\/digesan.ch\/fr\/wp-json\/wp\/v2\/pages\/32\/revisions\/589"}],"wp:attachment":[{"href":"https:\/\/digesan.ch\/fr\/wp-json\/wp\/v2\/media?parent=32"}],"curies":[{"name":"wp","href":"https:\/\/api.w.org\/{rel}","templated":true}]}}