{"id":189,"date":"2020-11-02T10:21:57","date_gmt":"2020-11-02T10:21:57","guid":{"rendered":"https:\/\/digesan.ch\/?page_id=189"},"modified":"2020-11-02T10:25:45","modified_gmt":"2020-11-02T10:25:45","slug":"agb","status":"publish","type":"page","link":"https:\/\/digesan.ch\/fr\/agb\/","title":{"rendered":"CGV"},"content":{"rendered":"<div class=\"elementor-element elementor-element-665e592 elementor-widget elementor-widget-theme-post-title elementor-page-title elementor-widget-heading\" data-id=\"665e592\" data-element_type=\"widget\" data-widget_type=\"theme-post-title.default\">\n<div class=\"elementor-widget-container\">\n<div class=\"elementor-element elementor-element-665e592 elementor-widget elementor-widget-theme-post-title elementor-page-title elementor-widget-heading\" data-id=\"665e592\" data-element_type=\"widget\" data-widget_type=\"theme-post-title.default\">\n<div class=\"elementor-widget-container\">\n<h1 class=\"elementor-heading-title elementor-size-default\">Allgemeine Gesch\u00e4ftsbedingungen Omanda AG<\/h1>\n<\/div>\n<\/div>\n<div class=\"elementor-element elementor-element-e4e2a20 elementor-widget elementor-widget-spacer\" data-id=\"e4e2a20\" data-element_type=\"widget\" data-widget_type=\"spacer.default\">\n<div class=\"elementor-widget-container\">\n<div class=\"elementor-spacer\">\n<div class=\"elementor-spacer-inner\"><\/div>\n<\/div>\n<\/div>\n<\/div>\n<div class=\"elementor-element elementor-element-970ed87 elementor-widget elementor-widget-theme-post-content\" data-id=\"970ed87\" data-element_type=\"widget\" data-widget_type=\"theme-post-content.default\">\n<div class=\"elementor-widget-container\">\n<ol>\n<li>G\u00fcltigkeit<br \/>\nDie allgemeinen Gesch\u00e4ftsbedingungen der Omanda AG sind integrierter Bestandteil aller Offerten, Bestellungen und Auftragsbest\u00e4tigungen.<\/li>\n<li>Angebot und Vertragsabschluss<br \/>\nDas Angebot der Omanda AG umfasst die Produkte der Produktelinie Moltein\u00ae und weitere Produkte.<br \/>\nIndem Sie eine Bestellung t\u00e4tigen, geben Sie ein verbindliches Angebot ab und akzeptieren damit auch die jeweils g\u00fcltigen AGB. Die Omanda AG beh\u00e4lt sich die freie Entscheidung \u00fcber die Annahme dieses Angebotes vor. Der Kaufvertrag kommt durch die Bestellung durch den Kunden und deren Annahme durch die Omanda AG zustande.<\/li>\n<li>Allgemeines<br \/>\nAlle Lieferungen von Omanda AG erfolgen ausschliesslich auf Grundlage der nachfolgenden Gesch\u00e4ftsbedingungen.<\/li>\n<li>Preise und Verf\u00fcgbarkeiten von Produkten<br \/>\nTrotz Anwendung gr\u00f6sster Sorgfalt k\u00f6nnen irrt\u00fcmlich falsche Angaben nicht v\u00f6llig ausgeschlossen werden. S\u00e4mtliche Produkt- und Preisangaben sind unverbindlich. Angebote k\u00f6nnen teilweise nur in begrenzter Anzahl oder gar nicht zur Verf\u00fcgung stehen. Aufgrund grosser Nachfrage k\u00f6nnen Produkte schnell ausverkauft sein. Die Omanda AG haftet nicht f\u00fcr Lieferungsverz\u00f6gerungen, nicht erh\u00e4ltliche Produkte oder irrt\u00fcmlich falsche Preisangaben. Produktanpassungen bleiben vorbehalten. Terminierte Angebote gelten nur f\u00fcr die angegebene Zeitspanne.<\/li>\n<li>Lieferbedingungen<br \/>\nDie bestellte Ware wird per Post oder Lieferdienst ausgeliefert. Die Lieferung wird in der Regel innerhalb von 5 Arbeitstagen nach Bestellungseingang verschickt. Bei einem allf\u00e4lligen sp\u00e4teren Versand hat der Kunde weder Anspruch auf Schadenersatz noch ein R\u00fccktrittsrecht. Dauert der Versand un\u00fcblich lange, hat der Kunde diesen mindestens einmal einzumahnen, bevor er zur\u00fccktreten kann. Sollte ein Produkt aufgrund h\u00f6herer Gewalt oder mangels Eigenbelieferung nicht oder erst sp\u00e4ter verf\u00fcgbar sein, beh\u00e4lt sich die Omanda AG vor, bezogen auf dieses Produkt vom Kaufvertrag zur\u00fcckzutreten oder die Lieferfristen zu verl\u00e4ngern. Die Omanda AG wird Sie unverz\u00fcglich \u00fcber die Nichtverf\u00fcgbarkeit oder die verz\u00f6gerte Lieferfrist informieren. Wenn Sie ein allf\u00e4lliges Gegenangebot nicht annehmen bzw. eine von Omanda AG mitgeteilte, verz\u00f6gerte Lieferung nicht in Kauf nehmen wollen, k\u00f6nnen Sie vom Vertrag zur\u00fccktreten. In diesem Fall wird Ihnen die Omanda AG allf\u00e4llige bereits erbrachte Zahlungen zur\u00fcckerstatten.<\/li>\n<li>Zahlungsart<br \/>\nBei Lieferung auf Rechnung verpflichten Sie sich, den Rechnungsbetrag innerhalb von 30 Tagen nach Erhalt der Ware zu begleichen. Hierzu bitten wir Sie, den der Rechnung beiliegenden \u00dcberweisungstr\u00e4ger zu nutzen. Sollten die Zahlungen in Verzug geraten, so behaltet sich die Omanda AG das Recht vor, Mahngeb\u00fchren von bis zu CHF 50.\u2014 pro Mahnung in Rechnung zu stellen.<\/li>\n<li>R\u00fcckgabe oder Umtausch<br \/>\nDie Lieferung kann, ausser bei besch\u00e4digter Ware, nicht umgetauscht oder zur\u00fcckgegeben werden.<\/li>\n<li>Verbesserungen und Ver\u00e4nderungen<br \/>\nDie Omanda AG beh\u00e4lt sich das Recht vor, Produkt\u00e4nderungen, die aus Sicht des Kunden einer Qualit\u00e4tsverbesserung dienen, auch ohne Vorank\u00fcndigung durchzuf\u00fchren.<\/li>\n<li>Haftung<br \/>\nF\u00fcr die Nutzung und Umsetzung der Produkte tr\u00e4gt der Kunde (Auftraggeber) die alleinige Verantwortung. Allf\u00e4llige Schadensersatzanspr\u00fcche seitens der auftraggebenden Organisation, ihrer Mitglieder oder Dritter werden, so weit wie gesetzlich zul\u00e4ssig, ausdr\u00fccklich wegbedungen. Allf\u00e4llige Fehler und M\u00e4ngel in den Produkten, die durch die Omanda AG absichtlich oder grobfahrl\u00e4ssig verursacht worden sind, werden von der Omanda AG auf ihre Kosten korrigiert. Anderweitige Schadenersatzanspr\u00fcche werden ausdr\u00fccklich wegbedungen.<\/li>\n<li>Vertraulichkeit und Datenschutz<br \/>\nDie Omanda AG behandelt alle Firmen- und Personendaten, die sie im Zusammenhang mit ihrer T\u00e4tigkeit erf\u00e4hrt, oder die sie durch ihre T\u00e4tigkeit generiert (z.B. Auswertungen) absolut vertraulich. Sie gibt sie nicht an Unbefugte oder aussenstehende Dritte weiter. Ausnahmen sind zul\u00e4ssig, wenn eine Organisation oder eine Einzelperson die Omanda AG ausdr\u00fccklich dazu erm\u00e4chtigt. Ebenfalls zul\u00e4ssig ist die Nennung von Kundennamen im Sinne einer allgemeinen Referenz. Auf alle ihre Unterlagen beansprucht die Omanda AG das Copyright.<\/li>\n<li>Die Verwendung von Omanda AG Unterlagen, sei es zu kommerziellen oder nicht-kommerziellen Zwecken, ist nur gestattet mit dem ausdr\u00fccklichen Einverst\u00e4ndnis der Omanda AG oder im Rahmen einer schriftlichen Vereinbarung.<\/li>\n<li>Anwendbares Recht und Gerichtsstand<br \/>\nDie Omanda AG beh\u00e4lt sich vor, diese AGB jederzeit und ohne Angabe von Gr\u00fcnden zu \u00e4ndern. Solche \u00c4nderungen gelten nicht f\u00fcr bereits get\u00e4tigte Bestellungen. S\u00e4mtliche Vertr\u00e4ge, sowie auch diese Allgemeinen Gesch\u00e4ftsbedingungen unterliegen schweizerischem Recht. Sollte eine Bestimmung dieser Allgemeinen Gesch\u00e4ftsbedingungen unwirksam sein, bleiben die \u00fcbrigen Bestimmungen unber\u00fchrt. Bei Fragen, die nicht in diesen Allgemeinen Gesch\u00e4ftsbedingungen geregelt sind, kommt das schweizerische Recht zur Anwendung.<\/li>\n<\/ol>\n<p>Ausschliesslicher Gerichtsstand ist der Firmensitz der Omanda AG.<\/p>\n<p>Ausgabe vom 1. Januar 2019<\/p>\n<\/div>\n<\/div>\n<div class=\"elementor-element elementor-element-838373f elementor-widget elementor-widget-spacer\" data-id=\"838373f\" data-element_type=\"widget\" data-widget_type=\"spacer.default\">\n<div class=\"elementor-widget-container\">\n<div class=\"elementor-spacer\"><\/div>\n<\/div>\n<\/div>\n<\/div>\n<\/div>","protected":false},"excerpt":{"rendered":"<p>Allgemeine Gesch\u00e4ftsbedingungen Omanda AG G\u00fcltigkeit Die allgemeinen Gesch\u00e4ftsbedingungen der Omanda AG sind integrierter Bestandteil aller Offerten, Bestellungen und Auftragsbest\u00e4tigungen. Angebot und Vertragsabschluss Das Angebot der Omanda AG umfasst die Produkte der Produktelinie Moltein\u00ae und weitere Produkte. Indem Sie eine Bestellung t\u00e4tigen, geben Sie ein verbindliches Angebot ab und akzeptieren damit auch die jeweils g\u00fcltigen AGB&#8230;.<\/p>","protected":false},"author":3,"featured_media":0,"parent":0,"menu_order":0,"comment_status":"closed","ping_status":"closed","template":"","meta":[],"yoast_head":"<!-- This site is optimized with the Yoast SEO plugin v18.3 - https:\/\/yoast.com\/wordpress\/plugins\/seo\/ -->\n<title>AGB - Digesan\u00ae Fibre<\/title>\n<meta name=\"robots\" content=\"index, follow, max-snippet:-1, max-image-preview:large, max-video-preview:-1\" \/>\n<link rel=\"canonical\" href=\"https:\/\/digesan.ch\/fr\/agb\/\" \/>\n<meta property=\"og:locale\" content=\"fr_FR\" \/>\n<meta property=\"og:type\" content=\"article\" \/>\n<meta property=\"og:title\" content=\"AGB - Digesan\u00ae Fibre\" \/>\n<meta property=\"og:description\" content=\"Allgemeine Gesch\u00e4ftsbedingungen Omanda AG G\u00fcltigkeit Die allgemeinen Gesch\u00e4ftsbedingungen der Omanda AG sind integrierter Bestandteil aller Offerten, Bestellungen und Auftragsbest\u00e4tigungen. Angebot und Vertragsabschluss Das Angebot der Omanda AG umfasst die Produkte der Produktelinie Moltein\u00ae und weitere Produkte. Indem Sie eine Bestellung t\u00e4tigen, geben Sie ein verbindliches Angebot ab und akzeptieren damit auch die jeweils g\u00fcltigen AGB....\" \/>\n<meta property=\"og:url\" content=\"https:\/\/digesan.ch\/fr\/agb\/\" \/>\n<meta property=\"og:site_name\" content=\"Digesan\u00ae Fibre\" \/>\n<meta property=\"article:modified_time\" content=\"2020-11-02T10:25:45+00:00\" \/>\n<meta name=\"twitter:card\" content=\"summary_large_image\" \/>\n<meta name=\"twitter:label1\" content=\"Dur\u00e9e de lecture estim\u00e9e\" \/>\n\t<meta name=\"twitter:data1\" content=\"4 minutes\" \/>\n<script type=\"application\/ld+json\" class=\"yoast-schema-graph\">{\"@context\":\"https:\/\/schema.org\",\"@graph\":[{\"@type\":\"Organization\",\"@id\":\"https:\/\/digesan.ch\/#organization\",\"name\":\"Digesan\u00ae Fibre\",\"url\":\"https:\/\/digesan.ch\/\",\"sameAs\":[],\"logo\":{\"@type\":\"ImageObject\",\"@id\":\"https:\/\/digesan.ch\/#logo\",\"inLanguage\":\"fr-FR\",\"url\":\"https:\/\/digesan.ch\/wp-content\/uploads\/2020\/11\/Logo_Digesan_WEB.svg\",\"contentUrl\":\"https:\/\/digesan.ch\/wp-content\/uploads\/2020\/11\/Logo_Digesan_WEB.svg\",\"caption\":\"Digesan\u00ae Fibre\"},\"image\":{\"@id\":\"https:\/\/digesan.ch\/#logo\"}},{\"@type\":\"WebSite\",\"@id\":\"https:\/\/digesan.ch\/#website\",\"url\":\"https:\/\/digesan.ch\/\",\"name\":\"Digesan\u00ae Fibre\",\"description\":\"Bei Darmbeschwerden und Reizdarmsyndrom\",\"publisher\":{\"@id\":\"https:\/\/digesan.ch\/#organization\"},\"potentialAction\":[{\"@type\":\"SearchAction\",\"target\":{\"@type\":\"EntryPoint\",\"urlTemplate\":\"https:\/\/digesan.ch\/?s={search_term_string}\"},\"query-input\":\"required name=search_term_string\"}],\"inLanguage\":\"fr-FR\"},{\"@type\":\"WebPage\",\"@id\":\"https:\/\/digesan.ch\/agb\/#webpage\",\"url\":\"https:\/\/digesan.ch\/agb\/\",\"name\":\"AGB - Digesan\u00ae Fibre\",\"isPartOf\":{\"@id\":\"https:\/\/digesan.ch\/#website\"},\"datePublished\":\"2020-11-02T10:21:57+00:00\",\"dateModified\":\"2020-11-02T10:25:45+00:00\",\"breadcrumb\":{\"@id\":\"https:\/\/digesan.ch\/agb\/#breadcrumb\"},\"inLanguage\":\"fr-FR\",\"potentialAction\":[{\"@type\":\"ReadAction\",\"target\":[\"https:\/\/digesan.ch\/agb\/\"]}]},{\"@type\":\"BreadcrumbList\",\"@id\":\"https:\/\/digesan.ch\/agb\/#breadcrumb\",\"itemListElement\":[{\"@type\":\"ListItem\",\"position\":1,\"name\":\"Startseite\",\"item\":\"https:\/\/digesan.ch\/\"},{\"@type\":\"ListItem\",\"position\":2,\"name\":\"AGB\"}]}]}<\/script>\n<!-- \/ Yoast SEO plugin. -->","yoast_head_json":{"title":"AGB - Digesan\u00ae Fibre","robots":{"index":"index","follow":"follow","max-snippet":"max-snippet:-1","max-image-preview":"max-image-preview:large","max-video-preview":"max-video-preview:-1"},"canonical":"https:\/\/digesan.ch\/fr\/agb\/","og_locale":"fr_FR","og_type":"article","og_title":"AGB - Digesan\u00ae Fibre","og_description":"Allgemeine Gesch\u00e4ftsbedingungen Omanda AG G\u00fcltigkeit Die allgemeinen Gesch\u00e4ftsbedingungen der Omanda AG sind integrierter Bestandteil aller Offerten, Bestellungen und Auftragsbest\u00e4tigungen. Angebot und Vertragsabschluss Das Angebot der Omanda AG umfasst die Produkte der Produktelinie Moltein\u00ae und weitere Produkte. Indem Sie eine Bestellung t\u00e4tigen, geben Sie ein verbindliches Angebot ab und akzeptieren damit auch die jeweils g\u00fcltigen AGB....","og_url":"https:\/\/digesan.ch\/fr\/agb\/","og_site_name":"Digesan\u00ae Fibre","article_modified_time":"2020-11-02T10:25:45+00:00","twitter_card":"summary_large_image","twitter_misc":{"Dur\u00e9e de lecture estim\u00e9e":"4 minutes"},"schema":{"@context":"https:\/\/schema.org","@graph":[{"@type":"Organization","@id":"https:\/\/digesan.ch\/#organization","name":"Digesan\u00ae Fibre","url":"https:\/\/digesan.ch\/","sameAs":[],"logo":{"@type":"ImageObject","@id":"https:\/\/digesan.ch\/#logo","inLanguage":"fr-FR","url":"https:\/\/digesan.ch\/wp-content\/uploads\/2020\/11\/Logo_Digesan_WEB.svg","contentUrl":"https:\/\/digesan.ch\/wp-content\/uploads\/2020\/11\/Logo_Digesan_WEB.svg","caption":"Digesan\u00ae Fibre"},"image":{"@id":"https:\/\/digesan.ch\/#logo"}},{"@type":"WebSite","@id":"https:\/\/digesan.ch\/#website","url":"https:\/\/digesan.ch\/","name":"Digesan\u00ae Fibre","description":"Bei Darmbeschwerden und Reizdarmsyndrom","publisher":{"@id":"https:\/\/digesan.ch\/#organization"},"potentialAction":[{"@type":"SearchAction","target":{"@type":"EntryPoint","urlTemplate":"https:\/\/digesan.ch\/?s={search_term_string}"},"query-input":"required name=search_term_string"}],"inLanguage":"fr-FR"},{"@type":"WebPage","@id":"https:\/\/digesan.ch\/agb\/#webpage","url":"https:\/\/digesan.ch\/agb\/","name":"AGB - Digesan\u00ae Fibre","isPartOf":{"@id":"https:\/\/digesan.ch\/#website"},"datePublished":"2020-11-02T10:21:57+00:00","dateModified":"2020-11-02T10:25:45+00:00","breadcrumb":{"@id":"https:\/\/digesan.ch\/agb\/#breadcrumb"},"inLanguage":"fr-FR","potentialAction":[{"@type":"ReadAction","target":["https:\/\/digesan.ch\/agb\/"]}]},{"@type":"BreadcrumbList","@id":"https:\/\/digesan.ch\/agb\/#breadcrumb","itemListElement":[{"@type":"ListItem","position":1,"name":"Startseite","item":"https:\/\/digesan.ch\/"},{"@type":"ListItem","position":2,"name":"AGB"}]}]}},"_links":{"self":[{"href":"https:\/\/digesan.ch\/fr\/wp-json\/wp\/v2\/pages\/189"}],"collection":[{"href":"https:\/\/digesan.ch\/fr\/wp-json\/wp\/v2\/pages"}],"about":[{"href":"https:\/\/digesan.ch\/fr\/wp-json\/wp\/v2\/types\/page"}],"author":[{"embeddable":true,"href":"https:\/\/digesan.ch\/fr\/wp-json\/wp\/v2\/users\/3"}],"replies":[{"embeddable":true,"href":"https:\/\/digesan.ch\/fr\/wp-json\/wp\/v2\/comments?post=189"}],"version-history":[{"count":2,"href":"https:\/\/digesan.ch\/fr\/wp-json\/wp\/v2\/pages\/189\/revisions"}],"predecessor-version":[{"id":191,"href":"https:\/\/digesan.ch\/fr\/wp-json\/wp\/v2\/pages\/189\/revisions\/191"}],"wp:attachment":[{"href":"https:\/\/digesan.ch\/fr\/wp-json\/wp\/v2\/media?parent=189"}],"curies":[{"name":"wp","href":"https:\/\/api.w.org\/{rel}","templated":true}]}}