{"id":182,"date":"2020-11-02T10:17:45","date_gmt":"2020-11-02T10:17:45","guid":{"rendered":"https:\/\/digesan.ch\/?page_id=182"},"modified":"2020-11-02T10:21:10","modified_gmt":"2020-11-02T10:21:10","slug":"datenschutz","status":"publish","type":"page","link":"https:\/\/digesan.ch\/fr\/datenschutz\/","title":{"rendered":"protection des donn\u00e9es"},"content":{"rendered":"<div class=\"elementor-element elementor-element-665e592 elementor-widget elementor-widget-theme-post-title elementor-page-title elementor-widget-heading\" data-id=\"665e592\" data-element_type=\"widget\" data-widget_type=\"theme-post-title.default\">\n<div class=\"elementor-widget-container\">\n<h1 class=\"elementor-heading-title elementor-size-default\">protection des donn\u00e9es<\/h1>\n<\/div>\n<\/div>\n<div class=\"elementor-element elementor-element-e4e2a20 elementor-widget elementor-widget-spacer\" data-id=\"e4e2a20\" data-element_type=\"widget\" data-widget_type=\"spacer.default\">\n<div class=\"elementor-widget-container\">\n<div class=\"elementor-spacer\">\n<div class=\"elementor-spacer-inner\"><\/div>\n<\/div>\n<\/div>\n<\/div>\n<div class=\"elementor-element elementor-element-970ed87 elementor-widget elementor-widget-theme-post-content\" data-id=\"970ed87\" data-element_type=\"widget\" data-widget_type=\"theme-post-content.default\">\n<div class=\"elementor-widget-container\">\n<p>Wir weisen ausdr\u00fccklich darauf hin, dass die Daten\u00fcbertragung im Internet (z.B. bei der Kommunikation per E-Mail) Sicherheitsl\u00fccken aufweisen und nicht l\u00fcckenlos vor dem Zugriff durch Dritte gesch\u00fctzt werden kann.<\/p>\n<p>Die Verwendung der Kontaktdaten unseres Impressums zur gewerblichen Werbung ist ausdr\u00fccklich nicht erw\u00fcnscht, es sei denn wir hatten zuvor unsere schriftliche Einwilligung erteilt oder es besteht bereits eine Gesch\u00e4ftsbeziehung. Der Anbieter und alle auf dieser Website genannten Personen widersprechen hiermit jeder kommerziellen Verwendung und Weitergabe ihrer Daten.<\/p>\n<p>Personenbezogene Daten<\/p>\n<p>Sie k\u00f6nnen unsere Webseite ohne Angabe personenbezogener Daten besuchen. Soweit auf unseren Seiten personenbezogene Daten (wie Name, Anschrift oder E-Mail Adresse) erhoben werden, erfolgt dies, soweit m\u00f6glich, auf freiwilliger Basis. Diese Daten werden ohne Ihre ausdr\u00fcckliche Zustimmung nicht an Dritte weitergegeben. Sofern zwischen Ihnen und uns ein Vertragsverh\u00e4ltnis begr\u00fcndet, inhaltlich ausgestaltet oder ge\u00e4ndert werden soll oder Sie an uns eine Anfrage stellen, erheben und verwenden wir personenbezogene Daten von Ihnen, soweit dies zu diesen Zwecken erforderlich ist (Bestandsdaten). Wir erheben, verarbeiten und nutzen personenbezogene Daten soweit dies erforderlich ist, um Ihnen die Inanspruchnahme des Webangebots zu erm\u00f6glichen (Nutzungsdaten). S\u00e4mtliche personenbezogenen Daten werden nur solange gespeichert wie dies f\u00fcr den genannten Zweck (Bearbeitung Ihrer Anfrage oder Abwicklung eines Vertrags) erforderlich ist. Hierbei werden steuer- und handelsrechtliche Aufbewahrungsfristen ber\u00fccksichtigt. Auf Anordnung der zust\u00e4ndigen Stellen d\u00fcrfen wir im Einzelfall Auskunft \u00fcber diese Daten (Bestandsdaten) erteilen, soweit dies f\u00fcr Zwecke der Strafverfolgung, zur Gefahrenabwehr, zur Erf\u00fcllung der gesetzlichen Aufgaben der Verfassungsschutzbeh\u00f6rden oder des Milit\u00e4rischen Abschirmdienstes oder zur Durchsetzung der Rechte am geistigen Eigentum erforderlich ist.<\/p>\n<p>Diese Webseite verwendet die sog. \u201eG +1\u201c-Schaltfl\u00e4che des sozialen Netzwerkes Google Plus, welches von der Google Inc., 1600 Amphitheatre Parkway, Mountain View, CA 94043, United States betrieben wird (\u201eGoogle\u201c). Die Schaltfl\u00e4che ist an dem Zeichen \u201eG +1\u201c zu erkennen. Wenn Sie bei Google Plus registriert sind, k\u00f6nnen Sie mit der \u201eG +1\u201c Schaltfl\u00e4che Ihr Interesse an unserer Webseite ausdr\u00fccken und Inhalte von unserer Webseite auf Google Plus teilen. In dem Falle speichert Google sowohl die Information, dass Sie f\u00fcr einen unserer Inhalte ein \u201eG +1\u201c gegeben haben, als auch Informationen \u00fcber die Seite, die Sie dabei angesehen haben. Ihre \u201eG +1\u201c k\u00f6nnen m\u00f6glicherweise zusammen mit Ihrem Namen (ggf. auch mit Foto \u2013 soweit vorhanden) bei Google Plus in weiteren Google-Diensten, wie der Google Suche oder Ihrem Google-Profil, eingeblendet werden.<br \/>\nZweck und Umfang der Datenerhebung und die weitere Verarbeitung und Nutzung der Daten durch Google sowie Ihre diesbez\u00fcglichen Rechte und Einstellungsm\u00f6glichkeiten zum Schutz Ihrer Privatsph\u00e4re entnehmen Sie bitte Googles Datenschutzhinweisen:\u00a0<a href=\"https:\/\/www.google.com\/intl\/de\/policies\/privacy\/\" target=\"_blank\" rel=\"noreferrer noopener\">https:\/\/www.google.com\/intl\/de\/policies\/privacy\/<\/a><\/p>\n<p>Diese Website verwendet die Remarketing- bzw. \u201e\u00c4hnliche Zielgruppen\u201c-Funktion der Google Inc., 1600 Amphitheatre Parkway, Mountain View, CA 94043, United States (\u201eGoogle\u201c). Sie k\u00f6nnen so zielgerichtet mit Werbung angesprochen werden, indem personalisierte und interessenbezogene Anzeigen geschaltet werden, wenn Sie andere Webseiten im sog. \u201eGoogle Display-Netzwerk\u201c besuchen. \u201eGoogle Remarketing\u201c bzw. die Funktion \u201e\u00c4hnliche Zielgruppen\u201c verwendet daf\u00fcr sog. \u201eCookies\u201c, Textdateien, die auf Ihrem Computer gespeichert werden und die eine Analyse der Benutzung der Website durch Sie erm\u00f6glichen. \u00dcber diese Textdateien werden Ihre Besuche sowie anonymisierte Daten \u00fcber die Nutzung der Website erfasst. Personenbezogene Daten werden dabei nicht gespeichert. Besuchen Sie eine andere Webseite im sog. \u201eGoogle Display-Netzwerk\u201c werden Ihnen ggf. Werbeeinblendungen angezeigt, die mit hoher Wahrscheinlichkeit zuvor auf unserer Website aufgerufene Produkt- und Informationsbereiche ber\u00fccksichtigen.<br \/>\nSie k\u00f6nnen das \u201eGoogle Remarketing\u201c bzw. die \u201e\u00c4hnliche Zielgruppen\u201c-Funktion verhindern, indem Sie die Speicherung der Cookies durch eine entsprechende Einstellung Ihrer Browser-Software unterbinden. Wir weisen Sie jedoch darauf hin, dass Sie in diesem Fall gegebenenfalls nicht s\u00e4mtliche Funktionen dieser Website vollumf\u00e4nglich werden nutzen k\u00f6nnen. Sie k\u00f6nnen dar\u00fcber hinaus die Erfassung der durch das Cookie erzeugten und auf Ihre Nutzung der Website bezogenen Daten an Google sowie die Verarbeitung dieser Daten durch Google verhindern, indem sie das unter dem folgenden Link verf\u00fcgbare Browser-Plugin herunterladen und installieren:<a href=\"https:\/\/www.google.com\/settings\/ads\/plugin?hl=de%22\" target=\"_blank\" rel=\"noreferrer noopener\">https:\/\/www.google.com\/settings\/ads\/plugin?hl=de\u201c<\/a>\u00a0target=\u201c_blank\u201c. Sie k\u00f6nnen zudem die Verwendung von Cookies durch Drittanbieter deaktivieren, indem sie die Deaktivierungsseite der Netzwerkwerbeinitiative (Network Advertising Initiative) unter\u00a0<a href=\"http:\/\/www.networkadvertising.org\/choices\/%22\" target=\"_blank\" rel=\"noreferrer noopener\">http:\/\/www.networkadvertising.org\/choices\/\u201c<\/a>\u00a0aufrufen und die dort genannten weiterf\u00fchrenden Information zum Opt-Out umsetzen. Die Datenschutzerkl\u00e4rung von Google zum Remarketing mit weiteren Informationen finden Sie hier:\u00a0<a href=\"http:\/\/www.google.com\/privacy\/ads\/\" target=\"_blank\" rel=\"noreferrer noopener\">http:\/\/www.google.com\/privacy\/ads\/<\/a><\/p>\n<p>Datenschutzerkl\u00e4rung f\u00fcr das \u201eGoogle AdWords Conversion-Tracking\u201c von Google Inc.<\/p>\n<p>Diese Website verwendet die \u201eGoogle AdWords Conversion-Tracking\u201c- Funktion der Google Inc., 1600 Amphitheatre Parkway, Mountain View, CA 94043, United States (\u201eGoogle\u201c). Google AdWords Conversion-Tracking verwendet sog. \u201eCookies\u201c, Textdateien, die auf Ihrem Computer gespeichert werden und die eine Analyse der Benutzung der Website durch Sie erm\u00f6glichen, wenn Sie auf eine Google-Anzeige gekickt haben. Die Cookies sind maximal 90 Tagen g\u00fcltig. Personenbezogene Daten werden dabei nicht gespeichert. Solange das Cookie g\u00fcltig ist, k\u00f6nnen Google und wir als Webseitenbetreiber erkennen, dass Sie eine Anzeige geklickt haben und zu einer bestimmten Zielseite (z.B. Bestellbest\u00e4tigungsseite, Newsletteranmeldung) gelangt sind. Diese Cookies k\u00f6nnen nicht \u00fcber mehrere Websites von verschiedenen AdWords-Teilnehmern nachverfolgt werden k\u00f6nnen. Durch das Cookie werden in \u201eGoogle AdWords\u201c Conversion-Statistiken erstellt. In diesen Statistiken wird die Anzahl der Nutzer, die auf eine unserer Anzeige geklickt haben, erfasst. Zudem wird gez\u00e4hlt, wie viele Nutzer zu einer Zielseite, die mit einem \u201eConversion-Tag\u201c versehen worden ist, gelangt sind. Die Statistiken enthalten jedoch keine Daten, mit denen Sie sich identifizieren lassen.<br \/>\nDas Speichern von Cookies auf Ihrer Festplatte k\u00f6nnen Sie verhindern, indem Sie in Ihren Browser-Einstellungen \u201ekeine Cookies akzeptieren\u201c w\u00e4hlen (Im MS Internet-Explorer unter \u201eExtras &gt; Internetoptionen &gt; Datenschutz &gt; Einstellung\u201c; im Firefox unter \u201eExtras &gt; Einstellungen &gt; Datenschutz &gt; Cookies\u201c); wir weisen Sie jedoch darauf hin, dass Sie in diesem Fall gegebenenfalls nicht s\u00e4mtliche Funktionen dieser Website voll umf\u00e4nglich nutzen k\u00f6nnen. Durch die Nutzung dieser Website erkl\u00e4ren Sie sich mit der Bearbeitung der \u00fcber Sie erhobenen Daten durch Google in der zuvor beschriebenen Art und Weise und zu dem zuvor benannten Zweck einverstanden. Weitere Informationen dar\u00fcber wie Google Conversion-Daten verwendet sowie die Datenschutzerkl\u00e4rung von Google finden Sie unter:\u00a0<a href=\"https:\/\/support.google.com\/adwords\/answer\/93148?ctx=tltp,\" target=\"_blank\" rel=\"noreferrer noopener\">https:\/\/support.google.com\/adwords\/answer\/93148?ctx=tltp,<\/a>\u00a0<a href=\"http:\/\/www.google.de\/policies\/privacy\/\" target=\"_blank\" rel=\"noreferrer noopener\">http:\/\/www.google.de\/policies\/privacy\/<\/a><\/p>\n<p>Auskunftsrecht<br \/>\nSie haben das jederzeitige Recht, sich unentgeltlich und unverz\u00fcglich \u00fcber die zu Ihrer Person erhobenen Daten zu erkundigen. Sie haben das jederzeitige Recht, Ihre Zustimmung zur Verwendung Ihrer angegeben pers\u00f6nlichen Daten mit Wirkung f\u00fcr die Zukunft zu widerrufen. Zur Auskunftserteilung wenden Sie sich bitte an den Anbieter unter den Kontaktdaten im Impressum.<\/p>\n<p>Quelle:\u00a0<a href=\"http:\/\/www.juraforum.de\/\" target=\"_blank\" rel=\"noreferrer noopener\">http:\/\/www.juraforum.de<\/a><\/p>\n<p>Diese Website benutzt Google Analytics, einen Webanalysedienst der Google Inc. (\u201eGoogle\u201c). Google Analytics verwendet sog. \u201eCookies\u201c, Textdateien, die auf Ihrem Computer gespeichert werden und die eine Analyse der Benutzung der Website durch Sie erm\u00f6glichen. Die durch den Cookie erzeugten Informationen \u00fcber Ihre Benutzung dieser Website werden in der Regel an einen Server von Google in den USA \u00fcbertragen und dort gespeichert. Im Falle der Aktivierung der IP-Anonymisierung auf dieser Webseite, wird Ihre IP-Adresse von Google jedoch innerhalb von Mitgliedstaaten der Europ\u00e4ischen Union oder in anderen Vertragsstaaten des Abkommens \u00fcber den Europ\u00e4ischen Wirtschaftsraum zuvor gek\u00fcrzt. Nur in Ausnahmef\u00e4llen wird die volle IP-Adresse an einen Server von Google in den USA \u00fcbertragen und dort gek\u00fcrzt. Im Auftrag des Betreibers dieser Website wird Google diese Informationen benutzen, um Ihre Nutzung der Website auszuwerten, um Reports \u00fcber die Websiteaktivit\u00e4ten zusammenzustellen und um weitere mit der Websitenutzung und der Internetnutzung verbundene Dienstleistungen gegen\u00fcber dem Websitebetreiber zu erbringen. Die im Rahmen von Google Analytics von Ihrem Browser \u00fcbermittelte IP-Adresse wird nicht mit anderen Daten von Google zusammengef\u00fchrt. Sie k\u00f6nnen die Speicherung der Cookies durch eine entsprechende Einstellung Ihrer Browser-Software verhindern; wir weisen Sie jedoch darauf hin, dass Sie in diesem Fall gegebenenfalls nicht s\u00e4mtliche Funktionen dieser Website vollumf\u00e4nglich werden nutzen k\u00f6nnen. Sie k\u00f6nnen dar\u00fcber hinaus die Erfassung der durch das Cookie erzeugten und auf Ihre Nutzung der Website bezogenen Daten (inkl. Ihrer IP-Adresse) an Google sowie die Verarbeitung dieser Daten durch Google verhindern, indem Sie das unter dem folgenden Link verf\u00fcgbare Browser-Plugin herunterladen und installieren:\u00a0<a href=\"http:\/\/tools.google.com\/dlpage\/gaoptout\" target=\"_blank\" rel=\"noreferrer noopener\">http:\/\/tools.google.com\/dlpage\/gaoptout<\/a><\/p>\n<p>Sie k\u00f6nnen die Erfassung durch Google Analytics verhindern, indem Sie auf folgenden\u00a0<a>Link<\/a>\u00a0klicken.<br \/>\nEs wird ein Opt-Out-Cookie gesetzt, der die zuk\u00fcnftige Erfassung Ihrer Daten beim Besuch dieser Website verhindert<\/p>\n<p>N\u00e4here Informationen zu Nutzungsbedingungen und Datenschutz finden Sie unter den\u00a0<a href=\"http:\/\/www.google.com\/analytics\/terms\/de.html\" target=\"_blank\" rel=\"noreferrer noopener\">Google Analytics Bedingungen<\/a>\u00a0bzw. unter der\u00a0<a href=\"http:\/\/www.google.com\/intl\/de\/policies\/privacy\/index.html\" target=\"_blank\" rel=\"noreferrer noopener\">Google Analytics \u00dcbersicht<\/a>. Wir weisen Sie darauf hin, dass auf dieser Webseite Google Analytics um den Code \u201egat._anonymizeIp();\u201c erweitert wurde, um eine anonymisierte Erfassung von IP-Adressen (sog. IP-Masking) zu gew\u00e4hrleisten.<\/p>\n<\/div>\n<\/div>","protected":false},"excerpt":{"rendered":"<p>Datenschutz Wir weisen ausdr\u00fccklich darauf hin, dass die Daten\u00fcbertragung im Internet (z.B. bei der Kommunikation per E-Mail) Sicherheitsl\u00fccken aufweisen und nicht l\u00fcckenlos vor dem Zugriff durch Dritte gesch\u00fctzt werden kann. Die Verwendung der Kontaktdaten unseres Impressums zur gewerblichen Werbung ist ausdr\u00fccklich nicht erw\u00fcnscht, es sei denn wir hatten zuvor unsere schriftliche Einwilligung erteilt oder es&#8230;<\/p>","protected":false},"author":3,"featured_media":0,"parent":0,"menu_order":0,"comment_status":"closed","ping_status":"closed","template":"","meta":[],"yoast_head":"<!-- This site is optimized with the Yoast SEO plugin v18.3 - https:\/\/yoast.com\/wordpress\/plugins\/seo\/ -->\n<title>Datenschutz - Digesan\u00ae Fibre<\/title>\n<meta name=\"robots\" content=\"index, follow, max-snippet:-1, max-image-preview:large, max-video-preview:-1\" \/>\n<link rel=\"canonical\" href=\"https:\/\/digesan.ch\/fr\/datenschutz\/\" \/>\n<meta property=\"og:locale\" content=\"fr_FR\" \/>\n<meta property=\"og:type\" content=\"article\" \/>\n<meta property=\"og:title\" content=\"Datenschutz - Digesan\u00ae Fibre\" \/>\n<meta property=\"og:description\" content=\"Datenschutz Wir weisen ausdr\u00fccklich darauf hin, dass die Daten\u00fcbertragung im Internet (z.B. bei der Kommunikation per E-Mail) Sicherheitsl\u00fccken aufweisen und nicht l\u00fcckenlos vor dem Zugriff durch Dritte gesch\u00fctzt werden kann. Die Verwendung der Kontaktdaten unseres Impressums zur gewerblichen Werbung ist ausdr\u00fccklich nicht erw\u00fcnscht, es sei denn wir hatten zuvor unsere schriftliche Einwilligung erteilt oder es...\" \/>\n<meta property=\"og:url\" content=\"https:\/\/digesan.ch\/fr\/datenschutz\/\" \/>\n<meta property=\"og:site_name\" content=\"Digesan\u00ae Fibre\" \/>\n<meta property=\"article:modified_time\" content=\"2020-11-02T10:21:10+00:00\" \/>\n<meta name=\"twitter:card\" content=\"summary_large_image\" \/>\n<meta name=\"twitter:label1\" content=\"Dur\u00e9e de lecture estim\u00e9e\" \/>\n\t<meta name=\"twitter:data1\" content=\"7 minutes\" \/>\n<script type=\"application\/ld+json\" class=\"yoast-schema-graph\">{\"@context\":\"https:\/\/schema.org\",\"@graph\":[{\"@type\":\"Organization\",\"@id\":\"https:\/\/digesan.ch\/#organization\",\"name\":\"Digesan\u00ae Fibre\",\"url\":\"https:\/\/digesan.ch\/\",\"sameAs\":[],\"logo\":{\"@type\":\"ImageObject\",\"@id\":\"https:\/\/digesan.ch\/#logo\",\"inLanguage\":\"fr-FR\",\"url\":\"https:\/\/digesan.ch\/wp-content\/uploads\/2020\/11\/Logo_Digesan_WEB.svg\",\"contentUrl\":\"https:\/\/digesan.ch\/wp-content\/uploads\/2020\/11\/Logo_Digesan_WEB.svg\",\"caption\":\"Digesan\u00ae Fibre\"},\"image\":{\"@id\":\"https:\/\/digesan.ch\/#logo\"}},{\"@type\":\"WebSite\",\"@id\":\"https:\/\/digesan.ch\/#website\",\"url\":\"https:\/\/digesan.ch\/\",\"name\":\"Digesan\u00ae Fibre\",\"description\":\"Bei Darmbeschwerden und Reizdarmsyndrom\",\"publisher\":{\"@id\":\"https:\/\/digesan.ch\/#organization\"},\"potentialAction\":[{\"@type\":\"SearchAction\",\"target\":{\"@type\":\"EntryPoint\",\"urlTemplate\":\"https:\/\/digesan.ch\/?s={search_term_string}\"},\"query-input\":\"required name=search_term_string\"}],\"inLanguage\":\"fr-FR\"},{\"@type\":\"WebPage\",\"@id\":\"https:\/\/digesan.ch\/datenschutz\/#webpage\",\"url\":\"https:\/\/digesan.ch\/datenschutz\/\",\"name\":\"Datenschutz - Digesan\u00ae Fibre\",\"isPartOf\":{\"@id\":\"https:\/\/digesan.ch\/#website\"},\"datePublished\":\"2020-11-02T10:17:45+00:00\",\"dateModified\":\"2020-11-02T10:21:10+00:00\",\"breadcrumb\":{\"@id\":\"https:\/\/digesan.ch\/datenschutz\/#breadcrumb\"},\"inLanguage\":\"fr-FR\",\"potentialAction\":[{\"@type\":\"ReadAction\",\"target\":[\"https:\/\/digesan.ch\/datenschutz\/\"]}]},{\"@type\":\"BreadcrumbList\",\"@id\":\"https:\/\/digesan.ch\/datenschutz\/#breadcrumb\",\"itemListElement\":[{\"@type\":\"ListItem\",\"position\":1,\"name\":\"Startseite\",\"item\":\"https:\/\/digesan.ch\/\"},{\"@type\":\"ListItem\",\"position\":2,\"name\":\"Datenschutz\"}]}]}<\/script>\n<!-- \/ Yoast SEO plugin. -->","yoast_head_json":{"title":"Datenschutz - Digesan\u00ae Fibre","robots":{"index":"index","follow":"follow","max-snippet":"max-snippet:-1","max-image-preview":"max-image-preview:large","max-video-preview":"max-video-preview:-1"},"canonical":"https:\/\/digesan.ch\/fr\/datenschutz\/","og_locale":"fr_FR","og_type":"article","og_title":"Datenschutz - Digesan\u00ae Fibre","og_description":"Datenschutz Wir weisen ausdr\u00fccklich darauf hin, dass die Daten\u00fcbertragung im Internet (z.B. bei der Kommunikation per E-Mail) Sicherheitsl\u00fccken aufweisen und nicht l\u00fcckenlos vor dem Zugriff durch Dritte gesch\u00fctzt werden kann. Die Verwendung der Kontaktdaten unseres Impressums zur gewerblichen Werbung ist ausdr\u00fccklich nicht erw\u00fcnscht, es sei denn wir hatten zuvor unsere schriftliche Einwilligung erteilt oder es...","og_url":"https:\/\/digesan.ch\/fr\/datenschutz\/","og_site_name":"Digesan\u00ae Fibre","article_modified_time":"2020-11-02T10:21:10+00:00","twitter_card":"summary_large_image","twitter_misc":{"Dur\u00e9e de lecture estim\u00e9e":"7 minutes"},"schema":{"@context":"https:\/\/schema.org","@graph":[{"@type":"Organization","@id":"https:\/\/digesan.ch\/#organization","name":"Digesan\u00ae Fibre","url":"https:\/\/digesan.ch\/","sameAs":[],"logo":{"@type":"ImageObject","@id":"https:\/\/digesan.ch\/#logo","inLanguage":"fr-FR","url":"https:\/\/digesan.ch\/wp-content\/uploads\/2020\/11\/Logo_Digesan_WEB.svg","contentUrl":"https:\/\/digesan.ch\/wp-content\/uploads\/2020\/11\/Logo_Digesan_WEB.svg","caption":"Digesan\u00ae Fibre"},"image":{"@id":"https:\/\/digesan.ch\/#logo"}},{"@type":"WebSite","@id":"https:\/\/digesan.ch\/#website","url":"https:\/\/digesan.ch\/","name":"Digesan\u00ae Fibre","description":"Bei Darmbeschwerden und Reizdarmsyndrom","publisher":{"@id":"https:\/\/digesan.ch\/#organization"},"potentialAction":[{"@type":"SearchAction","target":{"@type":"EntryPoint","urlTemplate":"https:\/\/digesan.ch\/?s={search_term_string}"},"query-input":"required name=search_term_string"}],"inLanguage":"fr-FR"},{"@type":"WebPage","@id":"https:\/\/digesan.ch\/datenschutz\/#webpage","url":"https:\/\/digesan.ch\/datenschutz\/","name":"Datenschutz - Digesan\u00ae Fibre","isPartOf":{"@id":"https:\/\/digesan.ch\/#website"},"datePublished":"2020-11-02T10:17:45+00:00","dateModified":"2020-11-02T10:21:10+00:00","breadcrumb":{"@id":"https:\/\/digesan.ch\/datenschutz\/#breadcrumb"},"inLanguage":"fr-FR","potentialAction":[{"@type":"ReadAction","target":["https:\/\/digesan.ch\/datenschutz\/"]}]},{"@type":"BreadcrumbList","@id":"https:\/\/digesan.ch\/datenschutz\/#breadcrumb","itemListElement":[{"@type":"ListItem","position":1,"name":"Startseite","item":"https:\/\/digesan.ch\/"},{"@type":"ListItem","position":2,"name":"Datenschutz"}]}]}},"_links":{"self":[{"href":"https:\/\/digesan.ch\/fr\/wp-json\/wp\/v2\/pages\/182"}],"collection":[{"href":"https:\/\/digesan.ch\/fr\/wp-json\/wp\/v2\/pages"}],"about":[{"href":"https:\/\/digesan.ch\/fr\/wp-json\/wp\/v2\/types\/page"}],"author":[{"embeddable":true,"href":"https:\/\/digesan.ch\/fr\/wp-json\/wp\/v2\/users\/3"}],"replies":[{"embeddable":true,"href":"https:\/\/digesan.ch\/fr\/wp-json\/wp\/v2\/comments?post=182"}],"version-history":[{"count":2,"href":"https:\/\/digesan.ch\/fr\/wp-json\/wp\/v2\/pages\/182\/revisions"}],"predecessor-version":[{"id":188,"href":"https:\/\/digesan.ch\/fr\/wp-json\/wp\/v2\/pages\/182\/revisions\/188"}],"wp:attachment":[{"href":"https:\/\/digesan.ch\/fr\/wp-json\/wp\/v2\/media?parent=182"}],"curies":[{"name":"wp","href":"https:\/\/api.w.org\/{rel}","templated":true}]}}