{"id":15,"date":"2020-10-29T08:00:58","date_gmt":"2020-10-29T08:00:58","guid":{"rendered":"https:\/\/digesan.ch\/?page_id=15"},"modified":"2021-03-31T11:56:38","modified_gmt":"2021-03-31T11:56:38","slug":"reizdarmsyndrom","status":"publish","type":"page","link":"https:\/\/digesan.ch\/fr\/reizdarmsyndrom\/","title":{"rendered":"Syndrome de l'intestin irritable"},"content":{"rendered":"<section class=\"l-section wpb_row height_medium\" id=\"ueberblick\"><div class=\"l-section-h i-cf\"><div class=\"g-cols vc_row via_flex valign_top type_default\"><div class=\"vc_col-sm-12 wpb_column vc_column_container\"><div class=\"vc_column-inner\"><div class=\"wpb_wrapper\"><div class=\"wpb_text_column\"><div class=\"wpb_wrapper\"><h2 style=\"text-align: center;\">Le syndrome de l'intestin irritable<\/h2>\n<h3 style=\"text-align: center;\">Mondialement, 5% \u00e0 20% des adultes sont touch\u00e9s par le syndrome de l\u2019intestin irritable. Il s\u2019agit du trouble fonctionnel du syst\u00e8me digestif le plus courant. Touch\u00e9es deux fois plus souvent que les hommes, les femmes sont fr\u00e9quemment concern\u00e9es.<sup>14,15\u00a0<\/sup><\/h3>\n<\/div><\/div><div class=\"g-cols wpb_row via_flex valign_top type_default\"><div class=\"vc_col-sm-8 wpb_column vc_column_container\"><div class=\"vc_column-inner\"><div class=\"wpb_wrapper\"><div class=\"wpb_text_column us_custom_432d3f53\"><div class=\"wpb_wrapper\"><p>L\u2019irritation des intestins peut mener \u00e0 diff\u00e9rents sympt\u00f4mes, souvent en tandem ou en alternance avec d\u2019autres sympt\u00f4mes. Il s'agit typiquement de douleurs abdominales r\u00e9currentes ainsi que de diarrh\u00e9es et constipations \u00e0 plusieurs reprises. La dur\u00e9e et la s\u00e9v\u00e9rit\u00e9 des plaintes va de d\u00e9sagr\u00e9able \u00e0 contrariant. Dans certains cas, les sympt\u00f4mes emp\u00eachent la participation aux activit\u00e9s quotidiennes et r\u00e9duisent ainsi la qualit\u00e9 de vie des personnes touch\u00e9es par le syndrome des intestins irritables.<sup>14,16\u00a0<\/sup><\/p>\n<\/div><\/div><\/div><\/div><\/div><div class=\"vc_col-sm-4 wpb_column vc_column_container\"><div class=\"vc_column-inner\"><div class=\"wpb_wrapper\"><div class=\"w-image align_none\"><div class=\"w-image-h\"><img width=\"1024\" height=\"683\" src=\"https:\/\/digesan.ch\/wp-content\/uploads\/2020\/11\/shutterstock_742620568-Frau-Reizdarm-1024x683.jpg\" class=\"attachment-large size-large\" alt=\"\" srcset=\"https:\/\/digesan.ch\/wp-content\/uploads\/2020\/11\/shutterstock_742620568-Frau-Reizdarm-1024x683.jpg 1024w, https:\/\/digesan.ch\/wp-content\/uploads\/2020\/11\/shutterstock_742620568-Frau-Reizdarm-300x200.jpg 300w, https:\/\/digesan.ch\/wp-content\/uploads\/2020\/11\/shutterstock_742620568-Frau-Reizdarm-65x43.jpg 65w, https:\/\/digesan.ch\/wp-content\/uploads\/2020\/11\/shutterstock_742620568-Frau-Reizdarm-100x67.jpg 100w, https:\/\/digesan.ch\/wp-content\/uploads\/2020\/11\/shutterstock_742620568-Frau-Reizdarm-600x400.jpg 600w, https:\/\/digesan.ch\/wp-content\/uploads\/2020\/11\/shutterstock_742620568-Frau-Reizdarm-250x167.jpg 250w, https:\/\/digesan.ch\/wp-content\/uploads\/2020\/11\/shutterstock_742620568-Frau-Reizdarm-200x133.jpg 200w\" sizes=\"(max-width: 1024px) 100vw, 1024px\" \/><\/div><\/div><\/div><\/div><\/div><\/div><\/div><\/div><\/div><\/div><\/div><\/section><section class=\"l-section wpb_row height_medium color_alternate\" id=\"ursachen\"><div class=\"l-section-h i-cf\"><div class=\"g-cols vc_row via_flex valign_top type_default\"><div class=\"vc_col-sm-12 wpb_column vc_column_container\"><div class=\"vc_column-inner\"><div class=\"wpb_wrapper\"><div class=\"wpb_text_column\"><div class=\"wpb_wrapper\"><h2 style=\"text-align: center;\">Diagnostique et causes<\/h2>\n<\/div><\/div><\/div><\/div><\/div><\/div><\/div><\/section><section class=\"l-section wpb_row us_custom_5cd26a65 height_medium color_alternate\"><div class=\"l-section-h i-cf\"><div class=\"g-cols vc_row via_flex valign_top type_default reversed\"><div class=\"vc_col-sm-4 wpb_column vc_column_container\"><div class=\"vc_column-inner\"><div class=\"wpb_wrapper\"><div class=\"w-image align_none\"><a title=\"vid\u00e9o sur le syndrome de l&#039;intestin irritable\" target=\"_blank\" href=\"https:\/\/www.youtube.com\/watch?v=WMTBpSlLFCk\" rel=\"noopener\" aria-label=\"Lien\" class=\"w-image-h\"><img width=\"686\" height=\"450\" src=\"https:\/\/digesan.ch\/wp-content\/uploads\/2021\/03\/Darmbild.png\" class=\"attachment-full size-full\" alt=\"\" srcset=\"https:\/\/digesan.ch\/wp-content\/uploads\/2021\/03\/Darmbild.png 686w, https:\/\/digesan.ch\/wp-content\/uploads\/2021\/03\/Darmbild-300x197.png 300w, https:\/\/digesan.ch\/wp-content\/uploads\/2021\/03\/Darmbild-16x10.png 16w, https:\/\/digesan.ch\/wp-content\/uploads\/2021\/03\/Darmbild-65x43.png 65w, https:\/\/digesan.ch\/wp-content\/uploads\/2021\/03\/Darmbild-100x66.png 100w, https:\/\/digesan.ch\/wp-content\/uploads\/2021\/03\/Darmbild-600x394.png 600w, https:\/\/digesan.ch\/wp-content\/uploads\/2021\/03\/Darmbild-250x164.png 250w, https:\/\/digesan.ch\/wp-content\/uploads\/2021\/03\/Darmbild-200x131.png 200w\" sizes=\"(max-width: 686px) 100vw, 686px\" \/><\/a><\/div><div class=\"wpb_text_column\"><div class=\"wpb_wrapper\"><p style=\"text-align: center;\"><a href=\"https:\/\/www.youtube.com\/watch?v=WMTBpSlLFCk\" target=\"_blank\" rel=\"noopener noreferrer\">Une vid\u00e9o sur le syndrome de l'intestin irritable<\/a><\/p>\n<\/div><\/div><\/div><\/div><\/div><div class=\"vc_col-sm-8 wpb_column vc_column_container\"><div class=\"vc_column-inner\"><div class=\"wpb_wrapper\"><div class=\"wpb_text_column us_custom_432d3f53\"><div class=\"wpb_wrapper\"><p>Malgr\u00e9 l\u2019occurrence fr\u00e9quente du syndrome des intestins irritables, son d\u00e9pistage reste difficile.<sup>\u00a0<\/sup>Apr\u00e8s l\u2019exclusion d\u2019autres maladies inflammatoires du syst\u00e8me digestif, le diagnostique du syndrome de l'intestin irritable est pos\u00e9 sur les plaintes typiques associ\u00e9es (douleurs abdominales, diarrh\u00e9es, constipations). Jusqu\u2019\u00e0 pr\u00e9sent, il n\u2019existe pas de m\u00e9thode diagnostique simple et directe.<sup>14<\/sup><\/p>\n<p>L\u2019\u00e9tiologie du syndrome de l\u2019intestin irritable n\u2019est pas enti\u00e8rement comprise. Selon l\u2019expression des plaintes, diff\u00e9rents aspects peuvent jouer un r\u00f4le plus ou moins important : des facteurs psychiques et \u00e9motionnels, l\u2019axe intestins-cerveau ou encore des troubles des intestins en soit, tels que l\u2019inflammation, les infections ou une perturbation de la flore intestinale.<sup>16<\/sup><\/p>\n<\/div><\/div><\/div><\/div><\/div><\/div><\/div><\/section>","protected":false},"excerpt":{"rendered":"Das Reizdarmsyndrom (IBS) Weltweit leiden zwischen 5% und 20% der Erwachsenen an einem Reizdarmsyndrom. Es ist die weitverbreitetste Erkrankung des Magen-Darm-Trakts.\u00a0Frauen sind mehr als doppelt so h\u00e4ufig betroffen wie M\u00e4nner.14,15\u00a0 Ein gereizter Darm kann verschiedene Symptome aufweisen. Oft treten diese \u00fcber l\u00e4ngere Zeit, abwechselnd oder kombiniert auf.\u00a0Die typischen Merkmale sind wiederkehrende Bauchschmerzen, Durchfall (Diarrhoe) und...","protected":false},"author":3,"featured_media":0,"parent":0,"menu_order":0,"comment_status":"closed","ping_status":"closed","template":"","meta":[],"yoast_head":"<!-- This site is optimized with the Yoast SEO plugin v18.3 - https:\/\/yoast.com\/wordpress\/plugins\/seo\/ -->\n<title>Reizdarmsyndrom: Diagnose und Ursachen - Digesan\u00ae Fibre<\/title>\n<meta name=\"description\" content=\"Das Reizdarmsyndrom (IBS) ist die weitverbreitetste Erkrankung des Magen-Darm-Trakts und kann verschiedene Symptome aufweisen.\" \/>\n<meta name=\"robots\" content=\"index, follow, max-snippet:-1, max-image-preview:large, max-video-preview:-1\" \/>\n<link rel=\"canonical\" href=\"https:\/\/digesan.ch\/fr\/reizdarmsyndrom\/\" \/>\n<meta property=\"og:locale\" content=\"fr_FR\" \/>\n<meta property=\"og:type\" content=\"article\" \/>\n<meta property=\"og:title\" content=\"Reizdarmsyndrom: Diagnose und Ursachen - Digesan\u00ae Fibre\" \/>\n<meta property=\"og:description\" content=\"Das Reizdarmsyndrom (IBS) ist die weitverbreitetste Erkrankung des Magen-Darm-Trakts und kann verschiedene Symptome aufweisen.\" \/>\n<meta property=\"og:url\" content=\"https:\/\/digesan.ch\/fr\/reizdarmsyndrom\/\" \/>\n<meta property=\"og:site_name\" content=\"Digesan\u00ae Fibre\" \/>\n<meta property=\"article:modified_time\" content=\"2021-03-31T11:56:38+00:00\" \/>\n<meta name=\"twitter:card\" content=\"summary_large_image\" \/>\n<meta name=\"twitter:label1\" content=\"Dur\u00e9e de lecture estim\u00e9e\" \/>\n\t<meta name=\"twitter:data1\" content=\"1 minute\" \/>\n<script type=\"application\/ld+json\" class=\"yoast-schema-graph\">{\"@context\":\"https:\/\/schema.org\",\"@graph\":[{\"@type\":\"Organization\",\"@id\":\"https:\/\/digesan.ch\/#organization\",\"name\":\"Digesan\u00ae Fibre\",\"url\":\"https:\/\/digesan.ch\/\",\"sameAs\":[],\"logo\":{\"@type\":\"ImageObject\",\"@id\":\"https:\/\/digesan.ch\/#logo\",\"inLanguage\":\"fr-FR\",\"url\":\"https:\/\/digesan.ch\/wp-content\/uploads\/2020\/11\/Logo_Digesan_WEB.svg\",\"contentUrl\":\"https:\/\/digesan.ch\/wp-content\/uploads\/2020\/11\/Logo_Digesan_WEB.svg\",\"caption\":\"Digesan\u00ae Fibre\"},\"image\":{\"@id\":\"https:\/\/digesan.ch\/#logo\"}},{\"@type\":\"WebSite\",\"@id\":\"https:\/\/digesan.ch\/#website\",\"url\":\"https:\/\/digesan.ch\/\",\"name\":\"Digesan\u00ae Fibre\",\"description\":\"Bei Darmbeschwerden und Reizdarmsyndrom\",\"publisher\":{\"@id\":\"https:\/\/digesan.ch\/#organization\"},\"potentialAction\":[{\"@type\":\"SearchAction\",\"target\":{\"@type\":\"EntryPoint\",\"urlTemplate\":\"https:\/\/digesan.ch\/?s={search_term_string}\"},\"query-input\":\"required name=search_term_string\"}],\"inLanguage\":\"fr-FR\"},{\"@type\":[\"WebPage\",\"MedicalWebPage\"],\"@id\":\"https:\/\/digesan.ch\/reizdarmsyndrom\/#webpage\",\"url\":\"https:\/\/digesan.ch\/reizdarmsyndrom\/\",\"name\":\"Reizdarmsyndrom: Diagnose und Ursachen - Digesan\u00ae Fibre\",\"isPartOf\":{\"@id\":\"https:\/\/digesan.ch\/#website\"},\"datePublished\":\"2020-10-29T08:00:58+00:00\",\"dateModified\":\"2021-03-31T11:56:38+00:00\",\"description\":\"Das Reizdarmsyndrom (IBS) ist die weitverbreitetste Erkrankung des Magen-Darm-Trakts und kann verschiedene Symptome aufweisen.\",\"breadcrumb\":{\"@id\":\"https:\/\/digesan.ch\/reizdarmsyndrom\/#breadcrumb\"},\"inLanguage\":\"fr-FR\",\"potentialAction\":[{\"@type\":\"ReadAction\",\"target\":[\"https:\/\/digesan.ch\/reizdarmsyndrom\/\"]}]},{\"@type\":\"BreadcrumbList\",\"@id\":\"https:\/\/digesan.ch\/reizdarmsyndrom\/#breadcrumb\",\"itemListElement\":[{\"@type\":\"ListItem\",\"position\":1,\"name\":\"Startseite\",\"item\":\"https:\/\/digesan.ch\/\"},{\"@type\":\"ListItem\",\"position\":2,\"name\":\"Reizdarmsyndrom\"}]}]}<\/script>\n<!-- \/ Yoast SEO plugin. -->","yoast_head_json":{"title":"Reizdarmsyndrom: Diagnose und Ursachen - Digesan\u00ae Fibre","description":"Das Reizdarmsyndrom (IBS) ist die weitverbreitetste Erkrankung des Magen-Darm-Trakts und kann verschiedene Symptome aufweisen.","robots":{"index":"index","follow":"follow","max-snippet":"max-snippet:-1","max-image-preview":"max-image-preview:large","max-video-preview":"max-video-preview:-1"},"canonical":"https:\/\/digesan.ch\/fr\/reizdarmsyndrom\/","og_locale":"fr_FR","og_type":"article","og_title":"Reizdarmsyndrom: Diagnose und Ursachen - Digesan\u00ae Fibre","og_description":"Das Reizdarmsyndrom (IBS) ist die weitverbreitetste Erkrankung des Magen-Darm-Trakts und kann verschiedene Symptome aufweisen.","og_url":"https:\/\/digesan.ch\/fr\/reizdarmsyndrom\/","og_site_name":"Digesan\u00ae Fibre","article_modified_time":"2021-03-31T11:56:38+00:00","twitter_card":"summary_large_image","twitter_misc":{"Dur\u00e9e de lecture estim\u00e9e":"1 minute"},"schema":{"@context":"https:\/\/schema.org","@graph":[{"@type":"Organization","@id":"https:\/\/digesan.ch\/#organization","name":"Digesan\u00ae Fibre","url":"https:\/\/digesan.ch\/","sameAs":[],"logo":{"@type":"ImageObject","@id":"https:\/\/digesan.ch\/#logo","inLanguage":"fr-FR","url":"https:\/\/digesan.ch\/wp-content\/uploads\/2020\/11\/Logo_Digesan_WEB.svg","contentUrl":"https:\/\/digesan.ch\/wp-content\/uploads\/2020\/11\/Logo_Digesan_WEB.svg","caption":"Digesan\u00ae Fibre"},"image":{"@id":"https:\/\/digesan.ch\/#logo"}},{"@type":"WebSite","@id":"https:\/\/digesan.ch\/#website","url":"https:\/\/digesan.ch\/","name":"Digesan\u00ae Fibre","description":"Bei Darmbeschwerden und Reizdarmsyndrom","publisher":{"@id":"https:\/\/digesan.ch\/#organization"},"potentialAction":[{"@type":"SearchAction","target":{"@type":"EntryPoint","urlTemplate":"https:\/\/digesan.ch\/?s={search_term_string}"},"query-input":"required name=search_term_string"}],"inLanguage":"fr-FR"},{"@type":["WebPage","MedicalWebPage"],"@id":"https:\/\/digesan.ch\/reizdarmsyndrom\/#webpage","url":"https:\/\/digesan.ch\/reizdarmsyndrom\/","name":"Reizdarmsyndrom: Diagnose und Ursachen - Digesan\u00ae Fibre","isPartOf":{"@id":"https:\/\/digesan.ch\/#website"},"datePublished":"2020-10-29T08:00:58+00:00","dateModified":"2021-03-31T11:56:38+00:00","description":"Das Reizdarmsyndrom (IBS) ist die weitverbreitetste Erkrankung des Magen-Darm-Trakts und kann verschiedene Symptome aufweisen.","breadcrumb":{"@id":"https:\/\/digesan.ch\/reizdarmsyndrom\/#breadcrumb"},"inLanguage":"fr-FR","potentialAction":[{"@type":"ReadAction","target":["https:\/\/digesan.ch\/reizdarmsyndrom\/"]}]},{"@type":"BreadcrumbList","@id":"https:\/\/digesan.ch\/reizdarmsyndrom\/#breadcrumb","itemListElement":[{"@type":"ListItem","position":1,"name":"Startseite","item":"https:\/\/digesan.ch\/"},{"@type":"ListItem","position":2,"name":"Reizdarmsyndrom"}]}]}},"_links":{"self":[{"href":"https:\/\/digesan.ch\/fr\/wp-json\/wp\/v2\/pages\/15"}],"collection":[{"href":"https:\/\/digesan.ch\/fr\/wp-json\/wp\/v2\/pages"}],"about":[{"href":"https:\/\/digesan.ch\/fr\/wp-json\/wp\/v2\/types\/page"}],"author":[{"embeddable":true,"href":"https:\/\/digesan.ch\/fr\/wp-json\/wp\/v2\/users\/3"}],"replies":[{"embeddable":true,"href":"https:\/\/digesan.ch\/fr\/wp-json\/wp\/v2\/comments?post=15"}],"version-history":[{"count":58,"href":"https:\/\/digesan.ch\/fr\/wp-json\/wp\/v2\/pages\/15\/revisions"}],"predecessor-version":[{"id":667,"href":"https:\/\/digesan.ch\/fr\/wp-json\/wp\/v2\/pages\/15\/revisions\/667"}],"wp:attachment":[{"href":"https:\/\/digesan.ch\/fr\/wp-json\/wp\/v2\/media?parent=15"}],"curies":[{"name":"wp","href":"https:\/\/api.w.org\/{rel}","templated":true}]}}