{"id":131,"date":"2020-10-29T11:44:40","date_gmt":"2020-10-29T11:44:40","guid":{"rendered":"https:\/\/digesan.ch\/?page_id=131"},"modified":"2024-09-16T14:37:50","modified_gmt":"2024-09-16T14:37:50","slug":"kontakt","status":"publish","type":"page","link":"https:\/\/digesan.ch\/fr\/kontakt\/","title":{"rendered":"contact"},"content":{"rendered":"<section class=\"l-section wpb_row height_medium\"><div class=\"l-section-h i-cf\"><div class=\"g-cols vc_row via_flex valign_top type_default\"><div class=\"vc_col-sm-12 wpb_column vc_column_container\"><div class=\"vc_column-inner\"><div class=\"wpb_wrapper\"><div class=\"wpb_text_column\"><div class=\"wpb_wrapper\"><h2 style=\"text-align: center;\">contact<\/h2>\n<h3 style=\"text-align: center;\">Haben Sie Fragen, Anregungen oder m\u00f6chten aus anderen Gr\u00fcnden mit uns Kontakt aufnehmen? Hier haben Sie die M\u00f6glichkeit.<\/h3>\n<\/div><\/div><\/div><\/div><\/div><\/div><\/div><\/section><section class=\"l-section wpb_row height_medium\"><div class=\"l-section-h i-cf\"><div class=\"g-cols vc_row via_flex valign_top type_default\"><div class=\"vc_col-sm-6 wpb_column vc_column_container\"><div class=\"vc_column-inner\"><div class=\"wpb_wrapper\"><div class=\"wpb_text_column\"><div class=\"wpb_wrapper\"><div role=\"form\" class=\"wpcf7\" id=\"wpcf7-f134-o1\" lang=\"de-DE\" dir=\"ltr\">\n<div class=\"screen-reader-response\"><p role=\"status\" aria-live=\"polite\" aria-atomic=\"true\"><\/p> <ul><\/ul><\/div>\n<form action=\"\/fr\/wp-json\/wp\/v2\/pages\/131#wpcf7-f134-o1\" method=\"post\" class=\"wpcf7-form init\" novalidate=\"novalidate\" data-status=\"init\" data-trp-original-action=\"\/fr\/wp-json\/wp\/v2\/pages\/131#wpcf7-f134-o1\">\n<div style=\"display: none;\">\n<input type=\"hidden\" name=\"_wpcf7\" value=\"134\" \/>\n<input type=\"hidden\" name=\"_wpcf7_version\" value=\"5.5.6\" \/>\n<input type=\"hidden\" name=\"_wpcf7_locale\" value=\"de_DE\" \/>\n<input type=\"hidden\" name=\"_wpcf7_unit_tag\" value=\"wpcf7-f134-o1\" \/>\n<input type=\"hidden\" name=\"_wpcf7_container_post\" value=\"0\" \/>\n<input type=\"hidden\" name=\"_wpcf7_posted_data_hash\" value=\"\" \/>\n<\/div>\n<p><label> Name<br \/>\n    <span class=\"wpcf7-form-control-wrap your-name\"><input type=\"text\" name=\"your-name\" value=\"\" size=\"40\" class=\"wpcf7-form-control wpcf7-text wpcf7-validates-as-required\" aria-required=\"true\" aria-invalid=\"false\" \/><\/span> <\/label><\/p>\n<p><label> E-Mail-Adresse<br \/>\n    <span class=\"wpcf7-form-control-wrap your-email\"><input type=\"email\" name=\"your-email\" value=\"\" size=\"40\" class=\"wpcf7-form-control wpcf7-text wpcf7-email wpcf7-validates-as-required wpcf7-validates-as-email\" aria-required=\"true\" aria-invalid=\"false\" \/><\/span> <\/label><\/p>\n<p><label> Betreff<br \/>\n    <span class=\"wpcf7-form-control-wrap your-subject\"><input type=\"text\" name=\"your-subject\" value=\"\" size=\"40\" class=\"wpcf7-form-control wpcf7-text wpcf7-validates-as-required\" aria-required=\"true\" aria-invalid=\"false\" \/><\/span> <\/label><\/p>\n<p><label> Nachricht<br \/>\n    <span class=\"wpcf7-form-control-wrap your-message\"><textarea name=\"your-message\" cols=\"40\" rows=\"10\" class=\"wpcf7-form-control wpcf7-textarea wpcf7-validates-as-required\" aria-required=\"true\" aria-invalid=\"false\"><\/textarea><\/span> <\/label><\/p>\n<p><input type=\"submit\" value=\"Senden\" class=\"wpcf7-form-control has-spinner wpcf7-submit\" \/><\/p>\n<div class=\"wpcf7-response-output\" aria-hidden=\"true\"><\/div><input type=\"hidden\" name=\"trp-form-language\" value=\"fr\"\/><\/form><\/div>\n<\/div><\/div><\/div><\/div><\/div><div class=\"vc_col-sm-6 wpb_column vc_column_container\"><div class=\"vc_column-inner\"><div class=\"wpb_wrapper\"><div class=\"wpb_text_column\"><div class=\"wpb_wrapper\"><p>F\u00fcllen Sie einfach das nebenstehende Formular aus und wir nehmen umgehend Kontakt mit Ihnen auf!\u00a0Alle mit einem * gekennzeichneten Felder sind Pflichtfelder.<\/p>\n<p>Unsere Hinweise zum Datenschutz finden Sie\u00a0<a href=\"https:\/\/digesan.ch\/fr\/datenschutz\/\">ici<\/a>.<\/p>\n<p><strong>KONTAKTDATEN<\/strong><\/p>\n<\/div><\/div><div class=\"w-image us_custom_15f9d3f2 no-shadow align_none\"><div class=\"w-image-h\"><img width=\"250\" height=\"73\" src=\"https:\/\/digesan.ch\/wp-content\/uploads\/2020\/11\/Logo_Omanda_fin-250x73.png\" class=\"attachment-us_250_250 size-us_250_250\" alt=\"\" srcset=\"https:\/\/digesan.ch\/wp-content\/uploads\/2020\/11\/Logo_Omanda_fin-250x73.png 250w, https:\/\/digesan.ch\/wp-content\/uploads\/2020\/11\/Logo_Omanda_fin-300x87.png 300w, https:\/\/digesan.ch\/wp-content\/uploads\/2020\/11\/Logo_Omanda_fin-65x19.png 65w, https:\/\/digesan.ch\/wp-content\/uploads\/2020\/11\/Logo_Omanda_fin-100x29.png 100w, https:\/\/digesan.ch\/wp-content\/uploads\/2020\/11\/Logo_Omanda_fin-600x174.png 600w, https:\/\/digesan.ch\/wp-content\/uploads\/2020\/11\/Logo_Omanda_fin-200x58.png 200w, https:\/\/digesan.ch\/wp-content\/uploads\/2020\/11\/Logo_Omanda_fin.png 1000w\" sizes=\"(max-width: 250px) 100vw, 250px\" \/><\/div><\/div><div class=\"wpb_text_column\"><div class=\"wpb_wrapper\"><div class=\"textwidget\">\n<p>Omanda AG<br \/>\nG\u00fcterstrasse 5<br \/>\n3072 Ostermundigen<\/p>\n<p>info@omanda.ch<br \/>\n<a href=\"http:\/\/www.omanda.ch\">omanda.ch<\/a><\/p>\n<\/div>\n<\/div><\/div><\/div><\/div><\/div><\/div><\/div><\/section>","protected":false},"excerpt":{"rendered":"Kontakt Haben Sie Fragen, Anregungen oder m\u00f6chten aus anderen Gr\u00fcnden mit uns Kontakt aufnehmen? Hier haben Sie die M\u00f6glichkeit. Name E-Mail-Adresse Betreff Nachricht F\u00fcllen Sie einfach das nebenstehende Formular aus und wir nehmen umgehend Kontakt mit Ihnen auf!\u00a0Alle mit einem * gekennzeichneten Felder sind Pflichtfelder. Unsere Hinweise zum Datenschutz finden Sie\u00a0hier. KONTAKTDATEN Omanda AG G\u00fcterstrasse...","protected":false},"author":3,"featured_media":0,"parent":0,"menu_order":0,"comment_status":"closed","ping_status":"closed","template":"","meta":[],"yoast_head":"<!-- This site is optimized with the Yoast SEO plugin v18.3 - https:\/\/yoast.com\/wordpress\/plugins\/seo\/ -->\n<title>Kontakt - Digesan\u00ae Fibre<\/title>\n<meta name=\"description\" content=\"Haben Sie Fragen, Anregungen oder m\u00f6chten aus anderen Gr\u00fcnden mit uns Kontakt aufnehmen? Hier haben Sie die M\u00f6glichkeit.\" \/>\n<meta name=\"robots\" content=\"index, follow, max-snippet:-1, max-image-preview:large, max-video-preview:-1\" \/>\n<link rel=\"canonical\" href=\"https:\/\/digesan.ch\/fr\/kontakt\/\" \/>\n<meta property=\"og:locale\" content=\"fr_FR\" \/>\n<meta property=\"og:type\" content=\"article\" \/>\n<meta property=\"og:title\" content=\"Kontakt - Digesan\u00ae Fibre\" \/>\n<meta property=\"og:description\" content=\"Haben Sie Fragen, Anregungen oder m\u00f6chten aus anderen Gr\u00fcnden mit uns Kontakt aufnehmen? Hier haben Sie die M\u00f6glichkeit.\" \/>\n<meta property=\"og:url\" content=\"https:\/\/digesan.ch\/fr\/kontakt\/\" \/>\n<meta property=\"og:site_name\" content=\"Digesan\u00ae Fibre\" \/>\n<meta property=\"article:modified_time\" content=\"2024-09-16T14:37:50+00:00\" \/>\n<meta name=\"twitter:card\" content=\"summary_large_image\" \/>\n<meta name=\"twitter:label1\" content=\"Dur\u00e9e de lecture estim\u00e9e\" \/>\n\t<meta name=\"twitter:data1\" content=\"1 minute\" \/>\n<script type=\"application\/ld+json\" class=\"yoast-schema-graph\">{\"@context\":\"https:\/\/schema.org\",\"@graph\":[{\"@type\":\"Organization\",\"@id\":\"https:\/\/digesan.ch\/#organization\",\"name\":\"Digesan\u00ae Fibre\",\"url\":\"https:\/\/digesan.ch\/\",\"sameAs\":[],\"logo\":{\"@type\":\"ImageObject\",\"@id\":\"https:\/\/digesan.ch\/#logo\",\"inLanguage\":\"fr-FR\",\"url\":\"https:\/\/digesan.ch\/wp-content\/uploads\/2020\/11\/Logo_Digesan_WEB.svg\",\"contentUrl\":\"https:\/\/digesan.ch\/wp-content\/uploads\/2020\/11\/Logo_Digesan_WEB.svg\",\"caption\":\"Digesan\u00ae Fibre\"},\"image\":{\"@id\":\"https:\/\/digesan.ch\/#logo\"}},{\"@type\":\"WebSite\",\"@id\":\"https:\/\/digesan.ch\/#website\",\"url\":\"https:\/\/digesan.ch\/\",\"name\":\"Digesan\u00ae Fibre\",\"description\":\"Bei Darmbeschwerden und Reizdarmsyndrom\",\"publisher\":{\"@id\":\"https:\/\/digesan.ch\/#organization\"},\"potentialAction\":[{\"@type\":\"SearchAction\",\"target\":{\"@type\":\"EntryPoint\",\"urlTemplate\":\"https:\/\/digesan.ch\/?s={search_term_string}\"},\"query-input\":\"required name=search_term_string\"}],\"inLanguage\":\"fr-FR\"},{\"@type\":[\"WebPage\",\"AboutPage\"],\"@id\":\"https:\/\/digesan.ch\/kontakt\/#webpage\",\"url\":\"https:\/\/digesan.ch\/kontakt\/\",\"name\":\"Kontakt - Digesan\u00ae Fibre\",\"isPartOf\":{\"@id\":\"https:\/\/digesan.ch\/#website\"},\"datePublished\":\"2020-10-29T11:44:40+00:00\",\"dateModified\":\"2024-09-16T14:37:50+00:00\",\"description\":\"Haben Sie Fragen, Anregungen oder m\u00f6chten aus anderen Gr\u00fcnden mit uns Kontakt aufnehmen? Hier haben Sie die M\u00f6glichkeit.\",\"breadcrumb\":{\"@id\":\"https:\/\/digesan.ch\/kontakt\/#breadcrumb\"},\"inLanguage\":\"fr-FR\",\"potentialAction\":[{\"@type\":\"ReadAction\",\"target\":[\"https:\/\/digesan.ch\/kontakt\/\"]}]},{\"@type\":\"BreadcrumbList\",\"@id\":\"https:\/\/digesan.ch\/kontakt\/#breadcrumb\",\"itemListElement\":[{\"@type\":\"ListItem\",\"position\":1,\"name\":\"Startseite\",\"item\":\"https:\/\/digesan.ch\/\"},{\"@type\":\"ListItem\",\"position\":2,\"name\":\"Kontakt\"}]}]}<\/script>\n<!-- \/ Yoast SEO plugin. -->","yoast_head_json":{"title":"Kontakt - Digesan\u00ae Fibre","description":"Haben Sie Fragen, Anregungen oder m\u00f6chten aus anderen Gr\u00fcnden mit uns Kontakt aufnehmen? Hier haben Sie die M\u00f6glichkeit.","robots":{"index":"index","follow":"follow","max-snippet":"max-snippet:-1","max-image-preview":"max-image-preview:large","max-video-preview":"max-video-preview:-1"},"canonical":"https:\/\/digesan.ch\/fr\/kontakt\/","og_locale":"fr_FR","og_type":"article","og_title":"Kontakt - Digesan\u00ae Fibre","og_description":"Haben Sie Fragen, Anregungen oder m\u00f6chten aus anderen Gr\u00fcnden mit uns Kontakt aufnehmen? Hier haben Sie die M\u00f6glichkeit.","og_url":"https:\/\/digesan.ch\/fr\/kontakt\/","og_site_name":"Digesan\u00ae Fibre","article_modified_time":"2024-09-16T14:37:50+00:00","twitter_card":"summary_large_image","twitter_misc":{"Dur\u00e9e de lecture estim\u00e9e":"1 minute"},"schema":{"@context":"https:\/\/schema.org","@graph":[{"@type":"Organization","@id":"https:\/\/digesan.ch\/#organization","name":"Digesan\u00ae Fibre","url":"https:\/\/digesan.ch\/","sameAs":[],"logo":{"@type":"ImageObject","@id":"https:\/\/digesan.ch\/#logo","inLanguage":"fr-FR","url":"https:\/\/digesan.ch\/wp-content\/uploads\/2020\/11\/Logo_Digesan_WEB.svg","contentUrl":"https:\/\/digesan.ch\/wp-content\/uploads\/2020\/11\/Logo_Digesan_WEB.svg","caption":"Digesan\u00ae Fibre"},"image":{"@id":"https:\/\/digesan.ch\/#logo"}},{"@type":"WebSite","@id":"https:\/\/digesan.ch\/#website","url":"https:\/\/digesan.ch\/","name":"Digesan\u00ae Fibre","description":"Bei Darmbeschwerden und Reizdarmsyndrom","publisher":{"@id":"https:\/\/digesan.ch\/#organization"},"potentialAction":[{"@type":"SearchAction","target":{"@type":"EntryPoint","urlTemplate":"https:\/\/digesan.ch\/?s={search_term_string}"},"query-input":"required name=search_term_string"}],"inLanguage":"fr-FR"},{"@type":["WebPage","AboutPage"],"@id":"https:\/\/digesan.ch\/kontakt\/#webpage","url":"https:\/\/digesan.ch\/kontakt\/","name":"Kontakt - Digesan\u00ae Fibre","isPartOf":{"@id":"https:\/\/digesan.ch\/#website"},"datePublished":"2020-10-29T11:44:40+00:00","dateModified":"2024-09-16T14:37:50+00:00","description":"Haben Sie Fragen, Anregungen oder m\u00f6chten aus anderen Gr\u00fcnden mit uns Kontakt aufnehmen? Hier haben Sie die M\u00f6glichkeit.","breadcrumb":{"@id":"https:\/\/digesan.ch\/kontakt\/#breadcrumb"},"inLanguage":"fr-FR","potentialAction":[{"@type":"ReadAction","target":["https:\/\/digesan.ch\/kontakt\/"]}]},{"@type":"BreadcrumbList","@id":"https:\/\/digesan.ch\/kontakt\/#breadcrumb","itemListElement":[{"@type":"ListItem","position":1,"name":"Startseite","item":"https:\/\/digesan.ch\/"},{"@type":"ListItem","position":2,"name":"Kontakt"}]}]}},"_links":{"self":[{"href":"https:\/\/digesan.ch\/fr\/wp-json\/wp\/v2\/pages\/131"}],"collection":[{"href":"https:\/\/digesan.ch\/fr\/wp-json\/wp\/v2\/pages"}],"about":[{"href":"https:\/\/digesan.ch\/fr\/wp-json\/wp\/v2\/types\/page"}],"author":[{"embeddable":true,"href":"https:\/\/digesan.ch\/fr\/wp-json\/wp\/v2\/users\/3"}],"replies":[{"embeddable":true,"href":"https:\/\/digesan.ch\/fr\/wp-json\/wp\/v2\/comments?post=131"}],"version-history":[{"count":25,"href":"https:\/\/digesan.ch\/fr\/wp-json\/wp\/v2\/pages\/131\/revisions"}],"predecessor-version":[{"id":710,"href":"https:\/\/digesan.ch\/fr\/wp-json\/wp\/v2\/pages\/131\/revisions\/710"}],"wp:attachment":[{"href":"https:\/\/digesan.ch\/fr\/wp-json\/wp\/v2\/media?parent=131"}],"curies":[{"name":"wp","href":"https:\/\/api.w.org\/{rel}","templated":true}]}}