{"id":13,"date":"2020-10-29T08:00:09","date_gmt":"2020-10-29T08:00:09","guid":{"rendered":"https:\/\/digesan.ch\/?page_id=13"},"modified":"2022-01-04T14:45:05","modified_gmt":"2022-01-04T14:45:05","slug":"home","status":"publish","type":"page","link":"https:\/\/digesan.ch\/fr\/","title":{"rendered":"Digesan<sup>\u00ae<\/sup> Fibre"},"content":{"rendered":"<section class=\"l-section wpb_row height_auto\"><div class=\"l-section-h i-cf\"><div class=\"g-cols vc_row via_flex valign_top type_default\"><div class=\"vc_col-sm-12 wpb_column vc_column_container\"><div class=\"vc_column-inner\"><div class=\"wpb_wrapper\"><div class=\"w-image align_none\"><div class=\"w-image-h\"><img width=\"2560\" height=\"1038\" src=\"https:\/\/digesan.ch\/wp-content\/uploads\/2021\/02\/20210218_Digesan_Header_FR_WEB.png\" class=\"attachment-full size-full\" alt=\"\" srcset=\"https:\/\/digesan.ch\/wp-content\/uploads\/2021\/02\/20210218_Digesan_Header_FR_WEB.png 3378w, https:\/\/digesan.ch\/wp-content\/uploads\/2021\/02\/20210218_Digesan_Header_FR_WEB-300x122.png 300w, https:\/\/digesan.ch\/wp-content\/uploads\/2021\/02\/20210218_Digesan_Header_FR_WEB-1024x416.png 1024w, https:\/\/digesan.ch\/wp-content\/uploads\/2021\/02\/20210218_Digesan_Header_FR_WEB-16x6.png 16w, https:\/\/digesan.ch\/wp-content\/uploads\/2021\/02\/20210218_Digesan_Header_FR_WEB-65x26.png 65w, https:\/\/digesan.ch\/wp-content\/uploads\/2021\/02\/20210218_Digesan_Header_FR_WEB-100x41.png 100w, https:\/\/digesan.ch\/wp-content\/uploads\/2021\/02\/20210218_Digesan_Header_FR_WEB-600x244.png 600w, https:\/\/digesan.ch\/wp-content\/uploads\/2021\/02\/20210218_Digesan_Header_FR_WEB-250x101.png 250w, https:\/\/digesan.ch\/wp-content\/uploads\/2021\/02\/20210218_Digesan_Header_FR_WEB-200x81.png 200w\" sizes=\"(max-width: 2560px) 100vw, 2560px\" \/><\/div><\/div><\/div><\/div><\/div><\/div><\/div><\/section><section class=\"l-section wpb_row height_auto\"><div class=\"l-section-h i-cf\"><div class=\"g-cols vc_row via_flex valign_top type_default\"><div class=\"vc_col-sm-12 wpb_column vc_column_container\"><div class=\"vc_column-inner\"><div class=\"wpb_wrapper\"><div class=\"wpb_text_column\"><div class=\"wpb_wrapper\"><h2 style=\"text-align: center;\"><strong>Digesan<sup>\u00ae<\/sup><\/strong><strong>Fibre en cas de troubles intestinaux et syndrome de l'intestin irritable<\/strong><\/h2>\n<p style=\"text-align: left;\">Une flore intestinale d\u00e9s\u00e9quilibr\u00e9e peut mener \u00e0 des sympt\u00f4mes d\u00e9sagr\u00e9ables, comme les ballonnements, les constipations ou la diarrh\u00e9e. De plus, l\u2019\u00e9quilibre de la flore intestinale est important pour le syst\u00e8me immunitaire.<\/p>\n<p style=\"text-align: left;\">Digesan<sup>\u00ae<\/sup>Fibre active le transit intestinal et redresse l'\u00e9quilibre de la flore intestinale de mani\u00e8re naturelle. Ce produit est compos\u00e9 de fibres alimentaires solubles issues du haricot de guar (gomme de guar partiellement hydrolys\u00e9e, PHGG). Ce concentr\u00e9 de fibres alimentaires sous forme de poudre est v\u00e9gan et ne contient pas de gluten, purines, fructose ou de graisses.<\/p>\n<p style=\"text-align: left;\">Les fibres hydrosolubles favorisent la croissance de bonnes bact\u00e9ries intestinales, telles que les <strong>lactobacilles ou bifidobact\u00e9ries<\/strong>\u00a0et optimisent l\u2019\u00e9quilibre de la flore intestinale.<sup>1<\/sup> Digesan<sup>\u00ae<\/sup>Fibre redresse l'\u00e9quilibre de la flore intestinale,\ncontribue \u00e0 la cicatrisation des muqueuses\net am\u00e9liore alors la sant\u00e9 digestive.<sup>2<\/sup><\/p>\n<\/div><\/div><\/div><\/div><\/div><\/div><\/div><\/section><section class=\"l-section wpb_row height_medium\"><div class=\"l-section-h i-cf\"><div class=\"g-cols vc_row via_flex valign_top type_default\"><div class=\"vc_col-sm-12 wpb_column vc_column_container\"><div class=\"vc_column-inner us_custom_8e09cc6b\"><div class=\"wpb_wrapper\"><div class=\"wpb_text_column\"><div class=\"wpb_wrapper\"><h2 style=\"text-align: center;\"><strong>Effets positifs <\/strong><\/h2>\n<\/div><\/div><\/div><\/div><\/div><div class=\"vc_col-sm-4 wpb_column vc_column_container\"><div class=\"vc_column-inner\"><div class=\"wpb_wrapper\"><div class=\"wpb_text_column us_custom_432d3f53\"><div class=\"wpb_wrapper\"><h3><strong>En cas de diarrh\u00e9e<\/strong><\/h3>\n<p style=\"text-align: left;\">Par son action sur la fonction intestinale, la gomme du guar partiellement hydrolys\u00e9e r\u00e9duit la fr\u00e9quence des selles  et am\u00e9liore la consistance en cas de diarrh\u00e9e chez l\u2019adulte ainsi que l\u2019enfant.<sup>1,3-6<\/sup><\/p>\n<\/div><\/div><\/div><\/div><\/div><div class=\"vc_col-sm-4 wpb_column vc_column_container\"><div class=\"vc_column-inner\"><div class=\"wpb_wrapper\"><div class=\"wpb_text_column us_custom_432d3f53\"><div class=\"wpb_wrapper\"><h3><strong>En cas de constipation<\/strong><\/h3>\n<p style=\"text-align: left;\">La gomme du guar partiellement hydrolys\u00e9e acc\u00e9l\u00e8re le transit \u00e0 travers le c\u00f4lon en cas de constipation chronique, apaise beaucoup de sympt\u00f4mes, comme la fr\u00e9quence des selles et douleurs abdominales, et permet de r\u00e9duire l\u2019usage de laxatifs ou de lavements.<sup>1,7-8<\/sup>\u00a0En utilisant Digesan\u00ae Fibre, les selles deviennent plus molles et leur \u00e9vacuation plus agr\u00e9able.<sup>9<\/sup><\/p>\n<\/div><\/div><\/div><\/div><\/div><div class=\"vc_col-sm-4 wpb_column vc_column_container\"><div class=\"vc_column-inner\"><div class=\"wpb_wrapper\"><div class=\"wpb_text_column us_custom_432d3f53\"><div class=\"wpb_wrapper\"><h3><strong>En cas de syndrome de l'intestin irritable (IBS)<\/strong><\/h3>\n<p style=\"text-align: left;\">Les fibres alimentaires hydrosolubles telles que la gomme de guar partiellement hydrolys\u00e9e jouent un r\u00f4le important dans le traitement du syndrome de l'intestin irritable. Leur consommation r\u00e9duit l\u2019occurrence de ballonnements, flatulences et de constipation chez les patients et patientes touch\u00e9(e)s par le syndrome de l'intestin irritable.<span style=\"font-size: small;\">\u00a0<\/span>La gomme de guar partiellement hydrolys\u00e9e est tr\u00e8s bien tol\u00e9r\u00e9e.<sup>10-14<\/sup><\/p>\n<\/div><\/div><\/div><\/div><\/div><\/div><\/div><\/section>","protected":false},"excerpt":{"rendered":"Digesan\u00aeFibre bei Darmbeschwerden und Reizdarmsyndrom Ger\u00e4t die Darmflora aus dem Gleichgewicht, k\u00f6nnen unangenehme Symptome wie Bl\u00e4hungen, Verstopfung oder Durchfall entstehen. Zudem tr\u00e4gt die Balance der Darmbakterien eine wichtige Bedeutung f\u00fcr das Immunsystem. Digesan\u00aeFibre reguliert die Darmt\u00e4tigkeit auf nat\u00fcrliche Weise und besteht ausschliesslich aus l\u00f6slichen Nahrungsfasern der Guar-Bohne (teilhydrolisiertes Guarkernmehl oder PHGG). Das pulverf\u00f6rmige Nahrungsfaserkonzentrat ist...","protected":false},"author":3,"featured_media":433,"parent":0,"menu_order":0,"comment_status":"closed","ping_status":"closed","template":"","meta":[],"yoast_head":"<!-- This site is optimized with the Yoast SEO plugin v18.3 - https:\/\/yoast.com\/wordpress\/plugins\/seo\/ -->\n<title>Digesan\u00ae Fibre bei Darmbeschwerden und Reizdarmsyndrom PHGG<\/title>\n<meta name=\"description\" content=\"Digesan\u00ae Fibre reguliert die Darmt\u00e4tigkeit auf nat\u00fcrliche Weise und besteht ausschliesslich aus l\u00f6slichen Nahrungsfasern der Guar-Bohne.\" \/>\n<meta name=\"robots\" content=\"index, follow, max-snippet:-1, max-image-preview:large, max-video-preview:-1\" \/>\n<link rel=\"canonical\" href=\"https:\/\/digesan.ch\/fr\/\" \/>\n<meta property=\"og:locale\" content=\"fr_FR\" \/>\n<meta property=\"og:type\" content=\"article\" \/>\n<meta property=\"og:title\" content=\"Digesan\u00ae Fibre bei Darmbeschwerden und Reizdarmsyndrom PHGG\" \/>\n<meta property=\"og:description\" content=\"Digesan\u00ae Fibre reguliert die Darmt\u00e4tigkeit auf nat\u00fcrliche Weise und besteht ausschliesslich aus l\u00f6slichen Nahrungsfasern der Guar-Bohne.\" \/>\n<meta property=\"og:url\" content=\"https:\/\/digesan.ch\/fr\/\" \/>\n<meta property=\"og:site_name\" content=\"Digesan\u00ae Fibre\" \/>\n<meta property=\"article:modified_time\" content=\"2022-01-04T14:45:05+00:00\" \/>\n<meta property=\"og:image\" content=\"https:\/\/digesan.ch\/wp-content\/uploads\/2020\/11\/Digesan-Dose-Breit-1.png\" \/>\n\t<meta property=\"og:image:width\" content=\"1884\" \/>\n\t<meta property=\"og:image:height\" content=\"764\" \/>\n\t<meta property=\"og:image:type\" content=\"image\/png\" \/>\n<meta name=\"twitter:card\" content=\"summary_large_image\" \/>\n<meta name=\"twitter:label1\" content=\"Dur\u00e9e de lecture estim\u00e9e\" \/>\n\t<meta name=\"twitter:data1\" content=\"2 minutes\" \/>\n<script type=\"application\/ld+json\" class=\"yoast-schema-graph\">{\"@context\":\"https:\/\/schema.org\",\"@graph\":[{\"@type\":\"Organization\",\"@id\":\"https:\/\/digesan.ch\/#organization\",\"name\":\"Digesan\u00ae Fibre\",\"url\":\"https:\/\/digesan.ch\/\",\"sameAs\":[],\"logo\":{\"@type\":\"ImageObject\",\"@id\":\"https:\/\/digesan.ch\/#logo\",\"inLanguage\":\"fr-FR\",\"url\":\"https:\/\/digesan.ch\/wp-content\/uploads\/2020\/11\/Logo_Digesan_WEB.svg\",\"contentUrl\":\"https:\/\/digesan.ch\/wp-content\/uploads\/2020\/11\/Logo_Digesan_WEB.svg\",\"caption\":\"Digesan\u00ae Fibre\"},\"image\":{\"@id\":\"https:\/\/digesan.ch\/#logo\"}},{\"@type\":\"WebSite\",\"@id\":\"https:\/\/digesan.ch\/#website\",\"url\":\"https:\/\/digesan.ch\/\",\"name\":\"Digesan\u00ae Fibre\",\"description\":\"Bei Darmbeschwerden und Reizdarmsyndrom\",\"publisher\":{\"@id\":\"https:\/\/digesan.ch\/#organization\"},\"potentialAction\":[{\"@type\":\"SearchAction\",\"target\":{\"@type\":\"EntryPoint\",\"urlTemplate\":\"https:\/\/digesan.ch\/?s={search_term_string}\"},\"query-input\":\"required name=search_term_string\"}],\"inLanguage\":\"fr-FR\"},{\"@type\":\"ImageObject\",\"@id\":\"https:\/\/digesan.ch\/#primaryimage\",\"inLanguage\":\"fr-FR\",\"url\":\"https:\/\/digesan.ch\/wp-content\/uploads\/2020\/11\/Digesan-Dose-Breit-1.png\",\"contentUrl\":\"https:\/\/digesan.ch\/wp-content\/uploads\/2020\/11\/Digesan-Dose-Breit-1.png\",\"width\":1884,\"height\":764},{\"@type\":[\"WebPage\",\"MedicalWebPage\"],\"@id\":\"https:\/\/digesan.ch\/#webpage\",\"url\":\"https:\/\/digesan.ch\/\",\"name\":\"Digesan\u00ae Fibre bei Darmbeschwerden und Reizdarmsyndrom PHGG\",\"isPartOf\":{\"@id\":\"https:\/\/digesan.ch\/#website\"},\"primaryImageOfPage\":{\"@id\":\"https:\/\/digesan.ch\/#primaryimage\"},\"datePublished\":\"2020-10-29T08:00:09+00:00\",\"dateModified\":\"2022-01-04T14:45:05+00:00\",\"description\":\"Digesan\u00ae Fibre reguliert die Darmt\u00e4tigkeit auf nat\u00fcrliche Weise und besteht ausschliesslich aus l\u00f6slichen Nahrungsfasern der Guar-Bohne.\",\"breadcrumb\":{\"@id\":\"https:\/\/digesan.ch\/#breadcrumb\"},\"inLanguage\":\"fr-FR\",\"potentialAction\":[{\"@type\":\"ReadAction\",\"target\":[\"https:\/\/digesan.ch\/\"]}]},{\"@type\":\"BreadcrumbList\",\"@id\":\"https:\/\/digesan.ch\/#breadcrumb\",\"itemListElement\":[{\"@type\":\"ListItem\",\"position\":1,\"name\":\"Startseite\",\"item\":\"https:\/\/digesan.ch\/\"},{\"@type\":\"ListItem\",\"position\":2,\"name\":\"Digesan\u00ae Fibre\"}]}]}<\/script>\n<!-- \/ Yoast SEO plugin. -->","yoast_head_json":{"title":"Digesan\u00ae Fibre bei Darmbeschwerden und Reizdarmsyndrom PHGG","description":"Digesan\u00ae Fibre reguliert die Darmt\u00e4tigkeit auf nat\u00fcrliche Weise und besteht ausschliesslich aus l\u00f6slichen Nahrungsfasern der Guar-Bohne.","robots":{"index":"index","follow":"follow","max-snippet":"max-snippet:-1","max-image-preview":"max-image-preview:large","max-video-preview":"max-video-preview:-1"},"canonical":"https:\/\/digesan.ch\/fr\/","og_locale":"fr_FR","og_type":"article","og_title":"Digesan\u00ae Fibre bei Darmbeschwerden und Reizdarmsyndrom PHGG","og_description":"Digesan\u00ae Fibre reguliert die Darmt\u00e4tigkeit auf nat\u00fcrliche Weise und besteht ausschliesslich aus l\u00f6slichen Nahrungsfasern der Guar-Bohne.","og_url":"https:\/\/digesan.ch\/fr\/","og_site_name":"Digesan\u00ae Fibre","article_modified_time":"2022-01-04T14:45:05+00:00","og_image":[{"width":1884,"height":764,"url":"https:\/\/digesan.ch\/wp-content\/uploads\/2020\/11\/Digesan-Dose-Breit-1.png","type":"image\/png"}],"twitter_card":"summary_large_image","twitter_misc":{"Dur\u00e9e de lecture estim\u00e9e":"2 minutes"},"schema":{"@context":"https:\/\/schema.org","@graph":[{"@type":"Organization","@id":"https:\/\/digesan.ch\/#organization","name":"Digesan\u00ae Fibre","url":"https:\/\/digesan.ch\/","sameAs":[],"logo":{"@type":"ImageObject","@id":"https:\/\/digesan.ch\/#logo","inLanguage":"fr-FR","url":"https:\/\/digesan.ch\/wp-content\/uploads\/2020\/11\/Logo_Digesan_WEB.svg","contentUrl":"https:\/\/digesan.ch\/wp-content\/uploads\/2020\/11\/Logo_Digesan_WEB.svg","caption":"Digesan\u00ae Fibre"},"image":{"@id":"https:\/\/digesan.ch\/#logo"}},{"@type":"WebSite","@id":"https:\/\/digesan.ch\/#website","url":"https:\/\/digesan.ch\/","name":"Digesan\u00ae Fibre","description":"Bei Darmbeschwerden und Reizdarmsyndrom","publisher":{"@id":"https:\/\/digesan.ch\/#organization"},"potentialAction":[{"@type":"SearchAction","target":{"@type":"EntryPoint","urlTemplate":"https:\/\/digesan.ch\/?s={search_term_string}"},"query-input":"required name=search_term_string"}],"inLanguage":"fr-FR"},{"@type":"ImageObject","@id":"https:\/\/digesan.ch\/#primaryimage","inLanguage":"fr-FR","url":"https:\/\/digesan.ch\/wp-content\/uploads\/2020\/11\/Digesan-Dose-Breit-1.png","contentUrl":"https:\/\/digesan.ch\/wp-content\/uploads\/2020\/11\/Digesan-Dose-Breit-1.png","width":1884,"height":764},{"@type":["WebPage","MedicalWebPage"],"@id":"https:\/\/digesan.ch\/#webpage","url":"https:\/\/digesan.ch\/","name":"Digesan\u00ae Fibre bei Darmbeschwerden und Reizdarmsyndrom PHGG","isPartOf":{"@id":"https:\/\/digesan.ch\/#website"},"primaryImageOfPage":{"@id":"https:\/\/digesan.ch\/#primaryimage"},"datePublished":"2020-10-29T08:00:09+00:00","dateModified":"2022-01-04T14:45:05+00:00","description":"Digesan\u00ae Fibre reguliert die Darmt\u00e4tigkeit auf nat\u00fcrliche Weise und besteht ausschliesslich aus l\u00f6slichen Nahrungsfasern der Guar-Bohne.","breadcrumb":{"@id":"https:\/\/digesan.ch\/#breadcrumb"},"inLanguage":"fr-FR","potentialAction":[{"@type":"ReadAction","target":["https:\/\/digesan.ch\/"]}]},{"@type":"BreadcrumbList","@id":"https:\/\/digesan.ch\/#breadcrumb","itemListElement":[{"@type":"ListItem","position":1,"name":"Startseite","item":"https:\/\/digesan.ch\/"},{"@type":"ListItem","position":2,"name":"Digesan\u00ae Fibre"}]}]}},"_links":{"self":[{"href":"https:\/\/digesan.ch\/fr\/wp-json\/wp\/v2\/pages\/13"}],"collection":[{"href":"https:\/\/digesan.ch\/fr\/wp-json\/wp\/v2\/pages"}],"about":[{"href":"https:\/\/digesan.ch\/fr\/wp-json\/wp\/v2\/types\/page"}],"author":[{"embeddable":true,"href":"https:\/\/digesan.ch\/fr\/wp-json\/wp\/v2\/users\/3"}],"replies":[{"embeddable":true,"href":"https:\/\/digesan.ch\/fr\/wp-json\/wp\/v2\/comments?post=13"}],"version-history":[{"count":88,"href":"https:\/\/digesan.ch\/fr\/wp-json\/wp\/v2\/pages\/13\/revisions"}],"predecessor-version":[{"id":674,"href":"https:\/\/digesan.ch\/fr\/wp-json\/wp\/v2\/pages\/13\/revisions\/674"}],"wp:featuredmedia":[{"embeddable":true,"href":"https:\/\/digesan.ch\/fr\/wp-json\/wp\/v2\/media\/433"}],"wp:attachment":[{"href":"https:\/\/digesan.ch\/fr\/wp-json\/wp\/v2\/media?parent=13"}],"curies":[{"name":"wp","href":"https:\/\/api.w.org\/{rel}","templated":true}]}}